{"id":628,"date":"2026-03-20T07:18:14","date_gmt":"2026-03-20T07:18:14","guid":{"rendered":"https:\/\/www.segasanitary.com\/?post_type=product&#038;p=628"},"modified":"2026-03-20T07:41:24","modified_gmt":"2026-03-20T07:41:24","slug":"wholesale-floating-bathroom-vanity","status":"publish","type":"product","link":"https:\/\/www.segasanitary.com\/de\/product\/wholesale-floating-bathroom-vanity\/","title":{"rendered":"Gro\u00dfhandel schwimmende Badezimmer Eitelkeit, Luxus Badezimmer Schrank Sperrholz f\u00fcr Hotel Custom"},"content":{"rendered":"<div class=\"wp-block-columns is-layout-flex wp-container-core-columns-is-layout-9d6595d7 wp-block-columns-is-layout-flex\">\n<div class=\"wp-block-column is-vertically-aligned-center is-layout-flow wp-block-column-is-layout-flow\">\n<h2 class=\"wp-block-heading\">Schwimmender Badezimmer-Eitelkeit Eigenschaften:<\/h2>\n\n\n\n<p><strong>100 cm breite Aufbewahrungsl\u00f6sung:<\/strong> Das ger\u00e4umige 100-cm-Design bietet eine gr\u00f6\u00dfere Arbeitsfl\u00e4che und mehr Stauraum, ideal f\u00fcr gehobene B\u00e4der, Hotelsuiten und moderne Wohnungen.<\/p>\n\n\n\n<p><strong>Hochstabile Sperrholzkonstruktion:<\/strong> Hergestellt aus mehrschichtigem Massivholz-Sperrholz, das eine hohe strukturelle Stabilit\u00e4t, ausgezeichnete Feuchtigkeitsbest\u00e4ndigkeit und zuverl\u00e4ssige Leistung w\u00e4hrend des Transports und der langfristigen Nutzung bietet.<\/p>\n\n\n\n<p><strong>Elegantes Wellenkanten-Design:<\/strong> Der einzigartige geschwungene Wellenfu\u00df in Kombination mit der glatten Mattlackierung sorgt f\u00fcr einen raffinierten, modernen Look, der die gesamte Innenraum\u00e4sthetik aufwertet.<\/p>\n\n\n\n<p><strong>Intelligenter Dreifach-Spiegelschrank:<\/strong> Der 3-t\u00fcrige Spiegelschrank mit LED-Beleuchtung, Anti-Beschlag-Funktion, Touch-Bedienung und integriertem Taschentuchhalter bietet verbesserte Benutzerfreundlichkeit und organisierte Aufbewahrung.<\/p>\n\n\n\n<p><strong>Nahtlos integriertes Keramik-Becken:<\/strong> Das bei hohen Temperaturen gebrannte Keramikbecken zeichnet sich durch eine glatte, haltbare Glasur mit hoher Fleckenbest\u00e4ndigkeit aus, die eine einfache Reinigung und ein lang anhaltendes Aussehen gew\u00e4hrleistet.<\/p>\n\n\n\n<p><strong>Direktlieferung ab Werk mit kundenspezifischen Optionen:<\/strong> Unterst\u00fctzung von Gro\u00dfbestellungen mit flexibler Anpassung in Gr\u00f6\u00dfe, Farbe und Konfiguration, unterst\u00fctzt durch stabile Produktionskapazit\u00e4ten und konsequente Qualit\u00e4tskontrolle.<\/p>\n<\/div>\n\n\n\n<div class=\"wp-block-column is-layout-flow wp-block-column-is-layout-flow\">\n<figure class=\"wp-block-image size-full\"><img decoding=\"async\" width=\"800\" height=\"800\" src=\"https:\/\/www.segasanitary.com\/wp-content\/uploads\/2026\/03\/wholesale-floating-bathroom-vanity-luxury-bathroom-cabinet-plywood-supplier-3202-100.webp\" alt=\"Gro\u00dfhandel schwimmenden Bad Eitelkeit Luxus Bad Schrank Sperrholz Lieferant 3202-100\" class=\"wp-image-629\" srcset=\"https:\/\/www.segasanitary.com\/wp-content\/uploads\/2026\/03\/wholesale-floating-bathroom-vanity-luxury-bathroom-cabinet-plywood-supplier-3202-100.webp 800w, https:\/\/www.segasanitary.com\/wp-content\/uploads\/2026\/03\/wholesale-floating-bathroom-vanity-luxury-bathroom-cabinet-plywood-supplier-3202-100-300x300.webp 300w, https:\/\/www.segasanitary.com\/wp-content\/uploads\/2026\/03\/wholesale-floating-bathroom-vanity-luxury-bathroom-cabinet-plywood-supplier-3202-100-150x150.webp 150w, https:\/\/www.segasanitary.com\/wp-content\/uploads\/2026\/03\/wholesale-floating-bathroom-vanity-luxury-bathroom-cabinet-plywood-supplier-3202-100-768x768.webp 768w, https:\/\/www.segasanitary.com\/wp-content\/uploads\/2026\/03\/wholesale-floating-bathroom-vanity-luxury-bathroom-cabinet-plywood-supplier-3202-100-600x600.webp 600w, https:\/\/www.segasanitary.com\/wp-content\/uploads\/2026\/03\/wholesale-floating-bathroom-vanity-luxury-bathroom-cabinet-plywood-supplier-3202-100-100x100.webp 100w\" sizes=\"(max-width: 800px) 100vw, 800px\" \/><\/figure>\n<\/div>\n<\/div>","protected":false},"excerpt":{"rendered":"<p>Der schwebende Badezimmer-Waschtisch aus dem Gro\u00dfhandel verf\u00fcgt \u00fcber einen intelligenten LED-Spiegel, ger\u00e4umige Ablagefl\u00e4chen und ein nahtloses Keramikbecken f\u00fcr den t\u00e4glichen Gebrauch, das einen modernen Look schafft. Ideal f\u00fcr moderne Wohnungen und luxuri\u00f6se Hotelb\u00e4der. Kontaktieren Sie uns noch heute f\u00fcr Gro\u00dfhandelspreise.<\/p>\n<h2>Produktspezifikationen:<\/h2>\n<table>\n<tbody>\n<tr>\n<td><strong>Attribut<\/strong><\/td>\n<td>\u00a0<span data-path-to-node=\"13,0,1,0\">Spezifikation<\/span><\/td>\n<\/tr>\n<tr>\n<td><strong>Modell<\/strong><\/td>\n<td>\u00a0<span data-path-to-node=\"22,1,1,0\">3202-100<\/span><\/td>\n<\/tr>\n<tr>\n<td><strong>Material des Geh\u00e4uses<\/strong><\/td>\n<td>\u00a0Sperrholz-Badeschrank<\/td>\n<\/tr>\n<tr>\n<td><strong>Material des Beckens<\/strong><\/td>\n<td>\u00a0Keramik<\/td>\n<\/tr>\n<tr>\n<td><strong>Gr\u00f6\u00dfe<\/strong><\/td>\n<td><span data-path-to-node=\"22,6,1,0\">\u00a01000 x 500 x 530 mm<\/span><\/td>\n<\/tr>\n<tr>\n<td><strong>Spiegel Typ<\/strong><\/td>\n<td><span data-path-to-node=\"22,6,1,0\">\u00a0Spiegelschrank mit Tissue-Spender<\/span><\/td>\n<\/tr>\n<tr>\n<td><strong>Oberfl\u00e4che<\/strong><\/td>\n<td>\u00a0Zackenf\u00f6rmige Fassade<\/td>\n<\/tr>\n<tr>\n<td><strong>Einrichtung<\/strong><\/td>\n<td>\u00a0<span data-path-to-node=\"22,4,1,0\">Wandmontiert \/ Schwimmend<\/span><\/td>\n<\/tr>\n<\/tbody>\n<\/table>","protected":false},"featured_media":629,"comment_status":"closed","ping_status":"closed","template":"","meta":{"_acf_changed":false},"product_brand":[],"product_cat":[20,42],"product_tag":[],"class_list":{"0":"post-628","1":"product","2":"type-product","3":"status-publish","4":"has-post-thumbnail","6":"product_cat-wholesale-bathroom-cabinet","7":"product_cat-wholesale-plywood-bathroom-cabinet","9":"first","10":"instock","11":"shipping-taxable","12":"product-type-simple"},"acf":[],"_links":{"self":[{"href":"https:\/\/www.segasanitary.com\/de\/wp-json\/wp\/v2\/product\/628","targetHints":{"allow":["GET"]}}],"collection":[{"href":"https:\/\/www.segasanitary.com\/de\/wp-json\/wp\/v2\/product"}],"about":[{"href":"https:\/\/www.segasanitary.com\/de\/wp-json\/wp\/v2\/types\/product"}],"replies":[{"embeddable":true,"href":"https:\/\/www.segasanitary.com\/de\/wp-json\/wp\/v2\/comments?post=628"}],"wp:featuredmedia":[{"embeddable":true,"href":"https:\/\/www.segasanitary.com\/de\/wp-json\/wp\/v2\/media\/629"}],"wp:attachment":[{"href":"https:\/\/www.segasanitary.com\/de\/wp-json\/wp\/v2\/media?parent=628"}],"wp:term":[{"taxonomy":"product_brand","embeddable":true,"href":"https:\/\/www.segasanitary.com\/de\/wp-json\/wp\/v2\/product_brand?post=628"},{"taxonomy":"product_cat","embeddable":true,"href":"https:\/\/www.segasanitary.com\/de\/wp-json\/wp\/v2\/product_cat?post=628"},{"taxonomy":"product_tag","embeddable":true,"href":"https:\/\/www.segasanitary.com\/de\/wp-json\/wp\/v2\/product_tag?post=628"}],"curies":[{"name":"wp","href":"https:\/\/api.w.org\/{rel}","templated":true}]}}