{"id":626,"date":"2026-03-20T06:38:11","date_gmt":"2026-03-20T06:38:11","guid":{"rendered":"https:\/\/www.segasanitary.com\/?post_type=product&#038;p=626"},"modified":"2026-03-20T07:14:48","modified_gmt":"2026-03-20T07:14:48","slug":"wholesale-plywood-bathroom-cabinet","status":"publish","type":"product","link":"https:\/\/www.segasanitary.com\/de\/product\/wholesale-plywood-bathroom-cabinet\/","title":{"rendered":"Gro\u00dfhandel Sperrholz Badezimmer Kabinett, moderne Badezimmer Eitelkeit mit gewellten Fassade Lieferant"},"content":{"rendered":"<div class=\"wp-block-columns is-layout-flex wp-container-core-columns-is-layout-9d6595d7 wp-block-columns-is-layout-flex\">\n<div class=\"wp-block-column is-vertically-aligned-center is-layout-flow wp-block-column-is-layout-flow\">\n<h2 class=\"wp-block-heading\">Sperrholz-Badeschrank Merkmale:<\/h2>\n\n\n\n<p><strong>Hochwertiger mehrschichtiger Sperrholzkern<\/strong>: Die Konstruktion aus hochwertigem Sperrholz sorgt f\u00fcr \u00fcberlegene Stabilit\u00e4t und Schraubenfestigkeit und bietet eine bessere Feuchtigkeitsresistenz und Haltbarkeit als MDF in feuchten Umgebungen.<\/p>\n\n\n\n<p><strong>Einzigartiges, geschwungenes Design<\/strong>: Der elegante, wellenf\u00f6rmige Sockel und die glatten, lackierten Schrankt\u00fcren brechen mit dem traditionellen kastenf\u00f6rmigen Design und verleihen ihm eine raffinierte und moderne \u00c4sthetik.<\/p>\n\n\n\n<p><strong>Intelligenter LED-Spiegel mit Tissue-Spender:<\/strong> Der innovative Spiegelschrank verf\u00fcgt \u00fcber eine LED-Hintergrundbeleuchtung, eine Anti-Beschlag-Funktion und eine versteckte Steckdose f\u00fcr Papiertaschent\u00fccher und kombiniert so Komfort, Aufbewahrung und intelligente Funktionalit\u00e4t.<\/p>\n\n\n\n<p><strong>Integriertes Keramik-Becken:<\/strong> Die bei hohen Temperaturen gebrannte Keramiksp\u00fcle mit ultraflachen R\u00e4ndern und selbstreinigender Glasur bietet hervorragende Fleckenbest\u00e4ndigkeit und einfache Pflege.<\/p>\n\n\n\n<p><strong>Dekorativer Kleeblatt-Hardware-Griff:<\/strong> Hochwertige Metallgriffe unterstreichen das erstklassige Aussehen des Schranks und gew\u00e4hrleisten eine lange Haltbarkeit bei h\u00e4ufigem t\u00e4glichem Gebrauch.<\/p>\n\n\n\n<p><strong>Fabrikdirektlieferung: <\/strong>Wir bieten wettbewerbsf\u00e4hige Gro\u00dfhandelspreise mit flexiblen Anpassungsm\u00f6glichkeiten, stabilen Produktionskapazit\u00e4ten und zuverl\u00e4ssiger Lieferung f\u00fcr globale B2B-Kunden.<\/p>\n<\/div>\n\n\n\n<div class=\"wp-block-column is-layout-flow wp-block-column-is-layout-flow\">\n<figure class=\"wp-block-image size-full\"><img decoding=\"async\" width=\"800\" height=\"800\" src=\"https:\/\/www.segasanitary.com\/wp-content\/uploads\/2026\/03\/Wholesale-Plywood-Bathroom-Cabinet-Modern-Bathroom-Vanity-with-Scalloped-Facade-Supplier-3202-80.webp\" alt=\"Gro\u00dfhandel Sperrholz Badezimmer Kabinett moderne Badezimmer Eitelkeit mit gewellten Fassade Lieferant 3202-80\" class=\"wp-image-627\" srcset=\"https:\/\/www.segasanitary.com\/wp-content\/uploads\/2026\/03\/Wholesale-Plywood-Bathroom-Cabinet-Modern-Bathroom-Vanity-with-Scalloped-Facade-Supplier-3202-80.webp 800w, https:\/\/www.segasanitary.com\/wp-content\/uploads\/2026\/03\/Wholesale-Plywood-Bathroom-Cabinet-Modern-Bathroom-Vanity-with-Scalloped-Facade-Supplier-3202-80-300x300.webp 300w, https:\/\/www.segasanitary.com\/wp-content\/uploads\/2026\/03\/Wholesale-Plywood-Bathroom-Cabinet-Modern-Bathroom-Vanity-with-Scalloped-Facade-Supplier-3202-80-150x150.webp 150w, https:\/\/www.segasanitary.com\/wp-content\/uploads\/2026\/03\/Wholesale-Plywood-Bathroom-Cabinet-Modern-Bathroom-Vanity-with-Scalloped-Facade-Supplier-3202-80-768x768.webp 768w, https:\/\/www.segasanitary.com\/wp-content\/uploads\/2026\/03\/Wholesale-Plywood-Bathroom-Cabinet-Modern-Bathroom-Vanity-with-Scalloped-Facade-Supplier-3202-80-600x600.webp 600w, https:\/\/www.segasanitary.com\/wp-content\/uploads\/2026\/03\/Wholesale-Plywood-Bathroom-Cabinet-Modern-Bathroom-Vanity-with-Scalloped-Facade-Supplier-3202-80-100x100.webp 100w\" sizes=\"(max-width: 800px) 100vw, 800px\" \/><\/figure>\n<\/div>\n<\/div>","protected":false},"excerpt":{"rendered":"<p>Gro\u00dfhandel Sperrholz Bad Schrank mit einzigartigen gewellten Design, glatte Lackierung und moderne LED-Spiegel schafft eine stilvolle L\u00f6sung f\u00fcr das Bad, kombiniert dauerhafte Sperrholzstruktur, elegantes Design und praktische Lagerung. Sanit\u00e4rkeramik Fabrik liefert mit Anpassung. Erkundigen Sie sich jetzt f\u00fcr Gro\u00dfhandelspreise und OEM-Service.<\/p>\n<h2>Produktspezifikationen:<\/h2>\n<table>\n<tbody>\n<tr>\n<td><strong>Attribut<\/strong><\/td>\n<td>\u00a0<span data-path-to-node=\"13,0,1,0\">Spezifikation<\/span><\/td>\n<\/tr>\n<tr>\n<td><strong>Modell<\/strong><\/td>\n<td>\u00a0<span data-path-to-node=\"22,1,1,0\">3202-80<\/span><\/td>\n<\/tr>\n<tr>\n<td><strong>Material des Geh\u00e4uses<\/strong><\/td>\n<td>\u00a0Sperrholz-Badeschrank<\/td>\n<\/tr>\n<tr>\n<td><strong>Material des Beckens<\/strong><\/td>\n<td>\u00a0Keramik<\/td>\n<\/tr>\n<tr>\n<td><strong>Gr\u00f6\u00dfe<\/strong><\/td>\n<td><span data-path-to-node=\"22,6,1,0\">\u00a0800 x 500 x 530 mm<\/span><\/td>\n<\/tr>\n<tr>\n<td><strong>Spiegel Typ<\/strong><\/td>\n<td><span data-path-to-node=\"22,6,1,0\">\u00a0Spiegelschrank mit Tissue-Spender<\/span><\/td>\n<\/tr>\n<tr>\n<td><strong>Oberfl\u00e4che<\/strong><\/td>\n<td>\u00a0Zackenf\u00f6rmige Fassade<\/td>\n<\/tr>\n<tr>\n<td><strong>Einrichtung<\/strong><\/td>\n<td>\u00a0<span data-path-to-node=\"22,4,1,0\">Wandmontiert \/ Schwimmend<\/span><\/td>\n<\/tr>\n<\/tbody>\n<\/table>","protected":false},"featured_media":627,"comment_status":"closed","ping_status":"closed","template":"","meta":{"_acf_changed":false},"product_brand":[],"product_cat":[20,42],"product_tag":[],"class_list":{"0":"post-626","1":"product","2":"type-product","3":"status-publish","4":"has-post-thumbnail","6":"product_cat-wholesale-bathroom-cabinet","7":"product_cat-wholesale-plywood-bathroom-cabinet","9":"first","10":"instock","11":"shipping-taxable","12":"product-type-simple"},"acf":[],"_links":{"self":[{"href":"https:\/\/www.segasanitary.com\/de\/wp-json\/wp\/v2\/product\/626","targetHints":{"allow":["GET"]}}],"collection":[{"href":"https:\/\/www.segasanitary.com\/de\/wp-json\/wp\/v2\/product"}],"about":[{"href":"https:\/\/www.segasanitary.com\/de\/wp-json\/wp\/v2\/types\/product"}],"replies":[{"embeddable":true,"href":"https:\/\/www.segasanitary.com\/de\/wp-json\/wp\/v2\/comments?post=626"}],"wp:featuredmedia":[{"embeddable":true,"href":"https:\/\/www.segasanitary.com\/de\/wp-json\/wp\/v2\/media\/627"}],"wp:attachment":[{"href":"https:\/\/www.segasanitary.com\/de\/wp-json\/wp\/v2\/media?parent=626"}],"wp:term":[{"taxonomy":"product_brand","embeddable":true,"href":"https:\/\/www.segasanitary.com\/de\/wp-json\/wp\/v2\/product_brand?post=626"},{"taxonomy":"product_cat","embeddable":true,"href":"https:\/\/www.segasanitary.com\/de\/wp-json\/wp\/v2\/product_cat?post=626"},{"taxonomy":"product_tag","embeddable":true,"href":"https:\/\/www.segasanitary.com\/de\/wp-json\/wp\/v2\/product_tag?post=626"}],"curies":[{"name":"wp","href":"https:\/\/api.w.org\/{rel}","templated":true}]}}