{"id":620,"date":"2026-03-20T03:12:27","date_gmt":"2026-03-20T03:12:27","guid":{"rendered":"https:\/\/www.segasanitary.com\/?post_type=product&#038;p=620"},"modified":"2026-03-20T03:29:19","modified_gmt":"2026-03-20T03:29:19","slug":"wholesale-stainless-steel-bathroom-cabinet","status":"publish","type":"product","link":"https:\/\/www.segasanitary.com\/de\/product\/wholesale-stainless-steel-bathroom-cabinet\/","title":{"rendered":"Gro\u00dfhandel Edelstahl Badezimmer Schrank, schwimmende Badezimmer Eitelkeit mit Spiegel Custom"},"content":{"rendered":"<div class=\"wp-block-columns is-layout-flex wp-container-core-columns-is-layout-9d6595d7 wp-block-columns-is-layout-flex\">\n<div class=\"wp-block-column is-vertically-aligned-center is-layout-flow wp-block-column-is-layout-flow\">\n<h2 class=\"wp-block-heading\">Edelstahl-Badezimmerschrank Merkmale:<\/h2>\n\n\n\n<p><strong>Robuste Konstruktion aus rostfreiem Stahl<\/strong>: Das aus hochwertigem Edelstahl 304\/201 gefertigte Geh\u00e4use ist korrosions-, rost- und feuerbest\u00e4ndig und bleibt auch in extrem feuchten Umgebungen riss- und verzugsfrei.<\/p>\n\n\n\n<p><strong>Modernes K\u00fchlergrill &amp; abgerundetes Industriedesign<\/strong>: Helle K\u00fchlergrillplatten und abgerundete Kanten mildern den Metallic-Look und erh\u00f6hen die visuelle Anziehungskraft und Sicherheit bei gleichzeitiger Beibehaltung einer schlanken industriellen \u00c4sthetik.<\/p>\n\n\n\n<p><strong>Multifunktions-Spiegelschrank<\/strong>: Der robuste Aluminium-Spiegelschrank verf\u00fcgt \u00fcber einen intelligenten hinterleuchteten Bereich und ein dreilagiges offenes Regal, das versteckten Stauraum mit einfachem Zugriff auf die wichtigsten Dinge des Alltags verbindet.<\/p>\n\n\n\n<p><strong>Kompaktes, platzsparendes 600-mm-Design<\/strong>: Optimiert f\u00fcr kleine Wohnungen, Hotelzimmer oder gewerbliche R\u00e4ume, um Wasch-, Aufbewahrungs- und Pflegefunktionen effizient auf kleinem Raum zu erm\u00f6glichen.<\/p>\n\n\n\n<p><strong>Nahtloses Hochglanz-Keramik-Becken<\/strong>: Hochtemperatur gebrannte Keramiksp\u00fcle mit glatter Glasur, schmutzabweisender Oberfl\u00e4che, \u00dcberlaufdesign und gro\u00dfz\u00fcgiger Sp\u00fclfl\u00e4che f\u00fcr mehr Komfort und Haltbarkeit.<\/p>\n\n\n\n<p><strong>OEM\/ODM-Edelstahll\u00f6sungen aus einer Hand<\/strong>: Vom Design und der Materialauswahl bis hin zur Produktion und Qualit\u00e4tskontrolle bieten wir B2B-Kunden die komplette Anpassung von Badezimmer-Waschtischen und eine zuverl\u00e4ssige globale Lieferung.<\/p>\n<\/div>\n\n\n\n<div class=\"wp-block-column is-layout-flow wp-block-column-is-layout-flow\">\n<figure class=\"wp-block-image size-full\"><img decoding=\"async\" width=\"600\" height=\"800\" src=\"https:\/\/www.segasanitary.com\/wp-content\/uploads\/2026\/03\/wholesale-stainless-steel-bathroom-cabinet-204-60.webp\" alt=\"Gro\u00dfhandel Edelstahl Badezimmerschrank 204-60\" class=\"wp-image-622\" srcset=\"https:\/\/www.segasanitary.com\/wp-content\/uploads\/2026\/03\/wholesale-stainless-steel-bathroom-cabinet-204-60.webp 600w, https:\/\/www.segasanitary.com\/wp-content\/uploads\/2026\/03\/wholesale-stainless-steel-bathroom-cabinet-204-60-225x300.webp 225w\" sizes=\"(max-width: 600px) 100vw, 600px\" \/><\/figure>\n<\/div>\n<\/div>","protected":false},"excerpt":{"rendered":"<p>Der Gro\u00dfhandels-Edelstahl-Badeschrank kombiniert ein kompaktes 600-mm-Design, ein nahtloses Keramikbecken, einen intelligenten hinterleuchteten Spiegel und mehrere Staur\u00e4ume. Perfekt f\u00fcr Hotels, Wohnungen und kommerzielle Projekte, kontaktieren Sie uns f\u00fcr Gro\u00dfhandelspreise und Anpassungen.<\/p>\n<h2>Produktspezifikationen:<\/h2>\n<table>\n<tbody>\n<tr>\n<td><strong>Attribut<\/strong><\/td>\n<td>\u00a0<span data-path-to-node=\"13,0,1,0\">Spezifikation<\/span><\/td>\n<\/tr>\n<tr>\n<td><strong>Modell<\/strong><\/td>\n<td>\u00a0<span data-path-to-node=\"22,1,1,0\">204-60<\/span><\/td>\n<\/tr>\n<tr>\n<td><strong>Material des Geh\u00e4uses<\/strong><\/td>\n<td>\u00a0Rostfreier Stahl<\/td>\n<\/tr>\n<tr>\n<td><strong>Material des Beckens<\/strong><\/td>\n<td>\u00a0Keramik<\/td>\n<\/tr>\n<tr>\n<td><strong>Gr\u00f6\u00dfe<\/strong><\/td>\n<td><span data-path-to-node=\"22,1,1,0\">\u00a0600 x 400 x 500 mm<\/span><\/td>\n<\/tr>\n<tr>\n<td><strong>Spiegel Typ<\/strong><\/td>\n<td><span data-path-to-node=\"22,6,1,0\">\u00a0Wandverspiegelter Schrank<\/span><\/td>\n<\/tr>\n<tr>\n<td><strong>Oberfl\u00e4che<\/strong><\/td>\n<td>\u00a0Modernes K\u00fchlergrill-Finish<\/td>\n<\/tr>\n<tr>\n<td><strong>Einrichtung<\/strong><\/td>\n<td><span data-path-to-node=\"22,4,1,0\">\u00a0Wandmontiert \/ Schwimmend<\/span><\/td>\n<\/tr>\n<\/tbody>\n<\/table>","protected":false},"featured_media":621,"comment_status":"closed","ping_status":"closed","template":"","meta":{"_acf_changed":false},"product_brand":[],"product_cat":[20,46],"product_tag":[],"class_list":{"0":"post-620","1":"product","2":"type-product","3":"status-publish","4":"has-post-thumbnail","6":"product_cat-wholesale-bathroom-cabinet","7":"product_cat-wholesale-stainless-steel-bathroom-cabinet","9":"first","10":"instock","11":"shipping-taxable","12":"product-type-simple"},"acf":[],"_links":{"self":[{"href":"https:\/\/www.segasanitary.com\/de\/wp-json\/wp\/v2\/product\/620","targetHints":{"allow":["GET"]}}],"collection":[{"href":"https:\/\/www.segasanitary.com\/de\/wp-json\/wp\/v2\/product"}],"about":[{"href":"https:\/\/www.segasanitary.com\/de\/wp-json\/wp\/v2\/types\/product"}],"replies":[{"embeddable":true,"href":"https:\/\/www.segasanitary.com\/de\/wp-json\/wp\/v2\/comments?post=620"}],"wp:featuredmedia":[{"embeddable":true,"href":"https:\/\/www.segasanitary.com\/de\/wp-json\/wp\/v2\/media\/621"}],"wp:attachment":[{"href":"https:\/\/www.segasanitary.com\/de\/wp-json\/wp\/v2\/media?parent=620"}],"wp:term":[{"taxonomy":"product_brand","embeddable":true,"href":"https:\/\/www.segasanitary.com\/de\/wp-json\/wp\/v2\/product_brand?post=620"},{"taxonomy":"product_cat","embeddable":true,"href":"https:\/\/www.segasanitary.com\/de\/wp-json\/wp\/v2\/product_cat?post=620"},{"taxonomy":"product_tag","embeddable":true,"href":"https:\/\/www.segasanitary.com\/de\/wp-json\/wp\/v2\/product_tag?post=620"}],"curies":[{"name":"wp","href":"https:\/\/api.w.org\/{rel}","templated":true}]}}