{"id":618,"date":"2026-03-20T02:46:09","date_gmt":"2026-03-20T02:46:09","guid":{"rendered":"https:\/\/www.segasanitary.com\/?post_type=product&#038;p=618"},"modified":"2026-03-20T03:03:12","modified_gmt":"2026-03-20T03:03:12","slug":"wholesale-bathroom-cabinets","status":"publish","type":"product","link":"https:\/\/www.segasanitary.com\/de\/product\/wholesale-bathroom-cabinets\/","title":{"rendered":"Gro\u00dfhandel Badezimmer Schr\u00e4nke Wandmontage, grau Badezimmer Eitelkeit mit Waschbecken PVC Custom"},"content":{"rendered":"<div class=\"wp-block-columns is-layout-flex wp-container-core-columns-is-layout-9d6595d7 wp-block-columns-is-layout-flex\">\n<div class=\"wp-block-column is-vertically-aligned-center is-layout-flow wp-block-column-is-layout-flow\">\n<h2 class=\"wp-block-heading\">PVC-Badezimmerschr\u00e4nke Merkmale:<\/h2>\n\n\n\n<p><strong>Wasserdichtes PVC mit hoher Dichte<\/strong>: Die PVC-Paneele sind feuchtigkeits-, schimmel- und quellbest\u00e4ndig und behalten ihre strukturelle Stabilit\u00e4t selbst in Badezimmern mit hoher Luftfeuchtigkeit oder in K\u00fcstengebieten.<\/p>\n\n\n\n<p><strong>CNC-K\u00fchlergrillplatten mit integrierter LED<\/strong>: Vertikale Gitterstrukturen kombiniert mit geometrischen LED-Streifen verwandeln funktionale Schr\u00e4nke in ein stilvolles, hochwertiges Dekorationselement.<\/p>\n\n\n\n<p><strong>Dreit\u00fcriger Smart-Spiegelschrank<\/strong>: Zweischichtige Aufbewahrung mit LED-Hintergrundbeleuchtung, Touch-Bedienung und einstellbarer Kalt-\/Warm-Beleuchtung, ideal f\u00fcr hochwertige Hotel- und Wohnungsprojekte.<\/p>\n\n\n\n<p><strong>Nahtloses Keramik-Becken aus einem St\u00fcck<\/strong>: Die gro\u00dfe integrierte Keramiksp\u00fcle mit spritzwassergesch\u00fctztem Rand und hochgl\u00e4nzender, selbstreinigender Glasur garantiert Langlebigkeit und einfache Pflege in gewerblichen Bereichen.<\/p>\n\n\n\n<p><strong>Modernes graues mattes Finish<\/strong>: Die haltbare, fingerabdrucksichere und korrosionsbest\u00e4ndige matte Oberfl\u00e4che bietet eine vielseitige \u00c4sthetik im industriellen Stil, die im B2B-Gesch\u00e4ft beliebt ist.<\/p>\n\n\n\n<p><strong>Full-Service OEM\/ODM-L\u00f6sungen<\/strong>: Wir bieten eine vollst\u00e4ndige Anpassung an Kundenw\u00fcnsche, von der Gr\u00f6\u00dfe \u00fcber die Oberfl\u00e4che und die Beleuchtung bis hin zur integrierten Lagerung, und gew\u00e4hrleisten eine gleichbleibende Qualit\u00e4t und zuverl\u00e4ssige Lieferung f\u00fcr globale B2B-Kunden.<\/p>\n<\/div>\n\n\n\n<div class=\"wp-block-column is-layout-flow wp-block-column-is-layout-flow\">\n<figure class=\"wp-block-image size-full\"><img decoding=\"async\" width=\"800\" height=\"800\" src=\"https:\/\/www.segasanitary.com\/wp-content\/uploads\/2026\/03\/wholesale-bathroom-cabinets-wall-mounted-gray-bathroom-vanity-with-sink-custom-SJ138P1-GG100.webp\" alt=\"Gro\u00dfhandel Bad Schr\u00e4nke Wand montiert grau Bad Eitelkeit mit Waschbecken benutzerdefinierte SJ138P1-GG100\" class=\"wp-image-619\" srcset=\"https:\/\/www.segasanitary.com\/wp-content\/uploads\/2026\/03\/wholesale-bathroom-cabinets-wall-mounted-gray-bathroom-vanity-with-sink-custom-SJ138P1-GG100.webp 800w, https:\/\/www.segasanitary.com\/wp-content\/uploads\/2026\/03\/wholesale-bathroom-cabinets-wall-mounted-gray-bathroom-vanity-with-sink-custom-SJ138P1-GG100-300x300.webp 300w, https:\/\/www.segasanitary.com\/wp-content\/uploads\/2026\/03\/wholesale-bathroom-cabinets-wall-mounted-gray-bathroom-vanity-with-sink-custom-SJ138P1-GG100-150x150.webp 150w, https:\/\/www.segasanitary.com\/wp-content\/uploads\/2026\/03\/wholesale-bathroom-cabinets-wall-mounted-gray-bathroom-vanity-with-sink-custom-SJ138P1-GG100-768x768.webp 768w, https:\/\/www.segasanitary.com\/wp-content\/uploads\/2026\/03\/wholesale-bathroom-cabinets-wall-mounted-gray-bathroom-vanity-with-sink-custom-SJ138P1-GG100-600x600.webp 600w, https:\/\/www.segasanitary.com\/wp-content\/uploads\/2026\/03\/wholesale-bathroom-cabinets-wall-mounted-gray-bathroom-vanity-with-sink-custom-SJ138P1-GG100-100x100.webp 100w\" sizes=\"(max-width: 800px) 100vw, 800px\" \/><\/figure>\n<\/div>\n<\/div>","protected":false},"excerpt":{"rendered":"<p>Badezimmerschr\u00e4nke im Gro\u00dfhandel mit wandmontiertem Design, wasserfestem PVC, nahtlosem Keramikbecken, intelligentem LED-Spiegel und modernem, mattem Finish. Perfekt f\u00fcr Hotels und Wohnungen. Mehrere Anpassungsm\u00f6glichkeiten. Erkundigen Sie sich bei uns nach Gro\u00dfhandelspreisen!<\/p>\n<h2>Produktspezifikationen:<\/h2>\n<table>\n<tbody>\n<tr>\n<td><strong>Attribut<\/strong><\/td>\n<td>\u00a0<span data-path-to-node=\"13,0,1,0\">Spezifikation<\/span><\/td>\n<\/tr>\n<tr>\n<td><strong>Modell<\/strong><\/td>\n<td>\u00a0<span data-path-to-node=\"22,1,1,0\">SJ138P1-GG100<\/span><\/td>\n<\/tr>\n<tr>\n<td><strong>Material des Geh\u00e4uses<\/strong><\/td>\n<td>PVC<\/td>\n<\/tr>\n<tr>\n<td><strong>Material des Beckens<\/strong><\/td>\n<td>Keramik<\/td>\n<\/tr>\n<tr>\n<td><strong>Spiegel Typ<\/strong><\/td>\n<td><span data-path-to-node=\"22,6,1,0\">Wandverspiegelter Schrank<\/span><\/td>\n<\/tr>\n<tr>\n<td><strong>Oberfl\u00e4che<\/strong><\/td>\n<td>Graues, mattes PVC-Finish<\/td>\n<\/tr>\n<tr>\n<td><strong>Einrichtung<\/strong><\/td>\n<td><span data-path-to-node=\"22,4,1,0\">Wandmontiert \/ Schwimmend<\/span><\/td>\n<\/tr>\n<\/tbody>\n<\/table>","protected":false},"featured_media":619,"comment_status":"closed","ping_status":"closed","template":"","meta":{"_acf_changed":false},"product_brand":[],"product_cat":[20,41],"product_tag":[],"class_list":{"0":"post-618","1":"product","2":"type-product","3":"status-publish","4":"has-post-thumbnail","6":"product_cat-wholesale-bathroom-cabinet","7":"product_cat-wholesale-pvc-bathroom-cabinet","9":"first","10":"instock","11":"shipping-taxable","12":"product-type-simple"},"acf":[],"_links":{"self":[{"href":"https:\/\/www.segasanitary.com\/de\/wp-json\/wp\/v2\/product\/618","targetHints":{"allow":["GET"]}}],"collection":[{"href":"https:\/\/www.segasanitary.com\/de\/wp-json\/wp\/v2\/product"}],"about":[{"href":"https:\/\/www.segasanitary.com\/de\/wp-json\/wp\/v2\/types\/product"}],"replies":[{"embeddable":true,"href":"https:\/\/www.segasanitary.com\/de\/wp-json\/wp\/v2\/comments?post=618"}],"wp:featuredmedia":[{"embeddable":true,"href":"https:\/\/www.segasanitary.com\/de\/wp-json\/wp\/v2\/media\/619"}],"wp:attachment":[{"href":"https:\/\/www.segasanitary.com\/de\/wp-json\/wp\/v2\/media?parent=618"}],"wp:term":[{"taxonomy":"product_brand","embeddable":true,"href":"https:\/\/www.segasanitary.com\/de\/wp-json\/wp\/v2\/product_brand?post=618"},{"taxonomy":"product_cat","embeddable":true,"href":"https:\/\/www.segasanitary.com\/de\/wp-json\/wp\/v2\/product_cat?post=618"},{"taxonomy":"product_tag","embeddable":true,"href":"https:\/\/www.segasanitary.com\/de\/wp-json\/wp\/v2\/product_tag?post=618"}],"curies":[{"name":"wp","href":"https:\/\/api.w.org\/{rel}","templated":true}]}}