{"id":616,"date":"2026-03-20T02:33:24","date_gmt":"2026-03-20T02:33:24","guid":{"rendered":"https:\/\/www.segasanitary.com\/?post_type=product&#038;p=616"},"modified":"2026-03-20T02:49:18","modified_gmt":"2026-03-20T02:49:18","slug":"wholesale-pvc-bathroom-cabinet","status":"publish","type":"product","link":"https:\/\/www.segasanitary.com\/de\/product\/wholesale-pvc-bathroom-cabinet\/","title":{"rendered":"Gro\u00dfhandel PVC Badezimmer Kabinett, moderne Badezimmer Eitelkeiten mit Spiegel benutzerdefinierte"},"content":{"rendered":"<div class=\"wp-block-columns is-layout-flex wp-container-core-columns-is-layout-9d6595d7 wp-block-columns-is-layout-flex\">\n<div class=\"wp-block-column is-vertically-aligned-center is-layout-flow wp-block-column-is-layout-flow\">\n<h2 class=\"wp-block-heading\">PVC-Badeschrank Merkmale:<\/h2>\n\n\n\n<p><strong>Wasserdichte PVC-Konstruktion<\/strong>: Hergestellt aus einer hochdichten PVC-Hartschaumplatte mit geringer Wasseraufnahme, die selbst in feuchten, schlecht bel\u00fcfteten Badezimmern kein Aufquellen, Verrotten oder Verformen zul\u00e4sst.<\/p>\n\n\n\n<p><strong>Smart LED Anti-Beschlag-Spiegel<\/strong>: Ausgestattet mit einem hochaufl\u00f6senden silbernen Spiegel mit 3-Farben-LED-Spiegel, Touch-Bedienung und One-Touch-Enteisung, die f\u00fcr klare Sicht und professionelle Beleuchtung im t\u00e4glichen Gebrauch sorgt.<\/p>\n\n\n\n<p><strong>Ultraflaches Keramik-Becken<\/strong>: Das integrierte Becken mit gro\u00dfem Fassungsverm\u00f6gen und nanobeschichteter Oberfl\u00e4che bietet eine hervorragende Best\u00e4ndigkeit gegen Flecken, Kratzer und St\u00f6\u00dfe und ist ideal f\u00fcr stark frequentierte gewerbliche Umgebungen.<\/p>\n\n\n\n<p><strong>Italienisch inspiriertes schwimmendes Design<\/strong>: Die an der Wand montierte Struktur sorgt f\u00fcr ein elegantes, minimalistisches Aussehen und erm\u00f6glicht gleichzeitig eine einfache Bodenreinigung und einen einfachen Zugang f\u00fcr den Staubsaugerroboter, was den modernen Hygienestandards entspricht.<\/p>\n\n\n\n<p><strong>Gebaut f\u00fcr kommerzielle Nutzung<\/strong>: Entwickelt f\u00fcr Langlebigkeit, Feuchtigkeitsbest\u00e4ndigkeit und langfristige Leistung, was es zu einer zuverl\u00e4ssigen Wahl f\u00fcr Hotels, Wohnungen und hochwertige Wohnprojekte macht.<\/p>\n<\/div>\n\n\n\n<div class=\"wp-block-column is-layout-flow wp-block-column-is-layout-flow\">\n<figure class=\"wp-block-image size-full\"><img decoding=\"async\" width=\"800\" height=\"800\" src=\"https:\/\/www.segasanitary.com\/wp-content\/uploads\/2026\/03\/wholesale-PVC-Bathroom-Cabinet-Modern-Bathroom-Vanities-Wholesale-SJ138P1-CJ80.webp\" alt=\"Gro\u00dfhandel PVC Badezimmer Kabinett Moderne Badezimmer Eitelkeiten Gro\u00dfhandel SJ138P1-CJ80\" class=\"wp-image-617\" srcset=\"https:\/\/www.segasanitary.com\/wp-content\/uploads\/2026\/03\/wholesale-PVC-Bathroom-Cabinet-Modern-Bathroom-Vanities-Wholesale-SJ138P1-CJ80.webp 800w, https:\/\/www.segasanitary.com\/wp-content\/uploads\/2026\/03\/wholesale-PVC-Bathroom-Cabinet-Modern-Bathroom-Vanities-Wholesale-SJ138P1-CJ80-300x300.webp 300w, https:\/\/www.segasanitary.com\/wp-content\/uploads\/2026\/03\/wholesale-PVC-Bathroom-Cabinet-Modern-Bathroom-Vanities-Wholesale-SJ138P1-CJ80-150x150.webp 150w, https:\/\/www.segasanitary.com\/wp-content\/uploads\/2026\/03\/wholesale-PVC-Bathroom-Cabinet-Modern-Bathroom-Vanities-Wholesale-SJ138P1-CJ80-768x768.webp 768w, https:\/\/www.segasanitary.com\/wp-content\/uploads\/2026\/03\/wholesale-PVC-Bathroom-Cabinet-Modern-Bathroom-Vanities-Wholesale-SJ138P1-CJ80-600x600.webp 600w, https:\/\/www.segasanitary.com\/wp-content\/uploads\/2026\/03\/wholesale-PVC-Bathroom-Cabinet-Modern-Bathroom-Vanities-Wholesale-SJ138P1-CJ80-100x100.webp 100w\" sizes=\"(max-width: 800px) 100vw, 800px\" \/><\/figure>\n<\/div>\n<\/div>","protected":false},"excerpt":{"rendered":"<p>Gro\u00dfhandel PVC Bad Schrank verf\u00fcgt \u00fcber moderne schwimmende Design, eine wasserdichte Konstruktion, eine intelligente LED-Spiegel, und ein platzsparendes Geh\u00e4use, leicht zu pflegen. Der moderne Minimalismus Stil ist f\u00fcr Hotels und Wohnungen konzipiert. Kontaktieren Sie uns f\u00fcr Gro\u00dfauftr\u00e4ge und Anpassungen.<\/p>\n<h2>Produktspezifikationen:<\/h2>\n<table>\n<tbody>\n<tr>\n<td><strong>Attribut<\/strong><\/td>\n<td>\u00a0<span data-path-to-node=\"13,0,1,0\">Spezifikation<\/span><\/td>\n<\/tr>\n<tr>\n<td><strong>Modell<\/strong><\/td>\n<td>\u00a0<span data-path-to-node=\"22,1,1,0\">SJ138P1-CJ80<\/span><\/td>\n<\/tr>\n<tr>\n<td><strong>Material des Geh\u00e4uses<\/strong><\/td>\n<td>PVC<\/td>\n<\/tr>\n<tr>\n<td><strong>Material des Beckens<\/strong><\/td>\n<td>Keramik<\/td>\n<\/tr>\n<tr>\n<td><strong>Spiegel Typ<\/strong><\/td>\n<td><span data-path-to-node=\"22,6,1,0\">Wandverspiegelter Schrank<\/span><\/td>\n<\/tr>\n<tr>\n<td><strong>Oberfl\u00e4che<\/strong><\/td>\n<td>Matte PVC-Oberfl\u00e4che<\/td>\n<\/tr>\n<tr>\n<td><strong>Einrichtung<\/strong><\/td>\n<td><span data-path-to-node=\"22,4,1,0\">Wandmontiert \/ Schwimmend<\/span><\/td>\n<\/tr>\n<\/tbody>\n<\/table>","protected":false},"featured_media":617,"comment_status":"closed","ping_status":"closed","template":"","meta":{"_acf_changed":false},"product_brand":[],"product_cat":[20,41],"product_tag":[],"class_list":{"0":"post-616","1":"product","2":"type-product","3":"status-publish","4":"has-post-thumbnail","6":"product_cat-wholesale-bathroom-cabinet","7":"product_cat-wholesale-pvc-bathroom-cabinet","9":"first","10":"instock","11":"shipping-taxable","12":"product-type-simple"},"acf":[],"_links":{"self":[{"href":"https:\/\/www.segasanitary.com\/de\/wp-json\/wp\/v2\/product\/616","targetHints":{"allow":["GET"]}}],"collection":[{"href":"https:\/\/www.segasanitary.com\/de\/wp-json\/wp\/v2\/product"}],"about":[{"href":"https:\/\/www.segasanitary.com\/de\/wp-json\/wp\/v2\/types\/product"}],"replies":[{"embeddable":true,"href":"https:\/\/www.segasanitary.com\/de\/wp-json\/wp\/v2\/comments?post=616"}],"wp:featuredmedia":[{"embeddable":true,"href":"https:\/\/www.segasanitary.com\/de\/wp-json\/wp\/v2\/media\/617"}],"wp:attachment":[{"href":"https:\/\/www.segasanitary.com\/de\/wp-json\/wp\/v2\/media?parent=616"}],"wp:term":[{"taxonomy":"product_brand","embeddable":true,"href":"https:\/\/www.segasanitary.com\/de\/wp-json\/wp\/v2\/product_brand?post=616"},{"taxonomy":"product_cat","embeddable":true,"href":"https:\/\/www.segasanitary.com\/de\/wp-json\/wp\/v2\/product_cat?post=616"},{"taxonomy":"product_tag","embeddable":true,"href":"https:\/\/www.segasanitary.com\/de\/wp-json\/wp\/v2\/product_tag?post=616"}],"curies":[{"name":"wp","href":"https:\/\/api.w.org\/{rel}","templated":true}]}}