{"id":610,"date":"2026-03-19T10:01:40","date_gmt":"2026-03-19T10:01:40","guid":{"rendered":"https:\/\/www.segasanitary.com\/?post_type=product&#038;p=610"},"modified":"2026-03-21T07:54:13","modified_gmt":"2026-03-21T07:54:13","slug":"custom-one-piece-toilet","status":"publish","type":"product","link":"https:\/\/www.segasanitary.com\/de\/product\/custom-one-piece-toilet\/","title":{"rendered":"Kundenspezifische einteilige Toilette mit patentiertem Diamantmuster-Tankdesign Lieferant"},"content":{"rendered":"<div class=\"wp-block-columns is-layout-flex wp-container-core-columns-is-layout-9d6595d7 wp-block-columns-is-layout-flex\">\n<div class=\"wp-block-column is-vertically-aligned-center is-layout-flow wp-block-column-is-layout-flow\">\n<h2 class=\"wp-block-heading\">Einteilige Toilette Merkmale:<\/h2>\n\n\n\n<p><strong>Patentierte Designer-\u00c4sthetik<\/strong>: Der mit 3D-Diamanten gesteppte Sp\u00fclkasten bietet einen unverwechselbaren, hochwertigen Look und hebt Ihr Badprojekt von Standard-Industriedesigns ab.<\/p>\n\n\n\n<p><strong>Platzsparende einteilige Struktur<\/strong>: Der integrierte Tank und die Sch\u00fcssel verhindern Schmutzansammlungen und sorgen f\u00fcr hygienische, leicht zu reinigende Oberfl\u00e4chen.<\/p>\n\n\n\n<p><strong>Hocheffiziente Siphonsp\u00fclung<\/strong>: Das Siphon-Doppelsp\u00fclsystem sorgt f\u00fcr eine leise und dennoch leistungsstarke Abfallbeseitigung bei minimalem Wasserverbrauch.<\/p>\n\n\n\n<p><strong>Vollst\u00e4ndig umrandeter Trapway<\/strong>: Der schlanke, flache Sockel verdeckt die Rohrleitungen vollst\u00e4ndig und verleiht dem Bad ein modernes, monolithisches Aussehen.<\/p>\n\n\n\n<p><strong>Qualit\u00e4tskontrolle auf kommerzieller Ebene<\/strong>: Gebrannt bei 1280\u00b0C f\u00fcr eine verglaste, kratzfeste und s\u00e4urebest\u00e4ndige Oberfl\u00e4che mit einer Wasseraufnahme von unter 0,5%, die eine lange Haltbarkeit gew\u00e4hrleistet.<\/p>\n\n\n\n<p><strong>Soft-Close Slim UF Sitz<\/strong>: Der hochwertige UF-Sitz mit Schnellverschluss sorgt f\u00fcr leisen Betrieb und langfristigen Komfort.<\/p>\n\n\n\n<p><strong>OEM\/ODM &amp; Projektunterst\u00fctzung<\/strong>: Der SEGA-Hersteller bietet die Anpassung des Logos, die Lieferung gro\u00dfer Mengen und eine umfassende Installationsanleitung f\u00fcr globale B2B-Projekte.<\/p>\n<\/div>\n\n\n\n<div class=\"wp-block-column is-layout-flow wp-block-column-is-layout-flow\">\n<figure class=\"wp-block-image size-full\"><img decoding=\"async\" width=\"800\" height=\"800\" src=\"https:\/\/www.segasanitary.com\/wp-content\/uploads\/2026\/03\/Custom-One-Piece-Toilet-with-Patented-Diamond-Pattern-Tank-Design-2.webp\" alt=\"Einteilige Spezialtoilette mit patentiertem Diamantmuster-Tankdesign (2)\" class=\"wp-image-612\" srcset=\"https:\/\/www.segasanitary.com\/wp-content\/uploads\/2026\/03\/Custom-One-Piece-Toilet-with-Patented-Diamond-Pattern-Tank-Design-2.webp 800w, https:\/\/www.segasanitary.com\/wp-content\/uploads\/2026\/03\/Custom-One-Piece-Toilet-with-Patented-Diamond-Pattern-Tank-Design-2-300x300.webp 300w, https:\/\/www.segasanitary.com\/wp-content\/uploads\/2026\/03\/Custom-One-Piece-Toilet-with-Patented-Diamond-Pattern-Tank-Design-2-150x150.webp 150w, https:\/\/www.segasanitary.com\/wp-content\/uploads\/2026\/03\/Custom-One-Piece-Toilet-with-Patented-Diamond-Pattern-Tank-Design-2-768x768.webp 768w, https:\/\/www.segasanitary.com\/wp-content\/uploads\/2026\/03\/Custom-One-Piece-Toilet-with-Patented-Diamond-Pattern-Tank-Design-2-600x600.webp 600w, https:\/\/www.segasanitary.com\/wp-content\/uploads\/2026\/03\/Custom-One-Piece-Toilet-with-Patented-Diamond-Pattern-Tank-Design-2-100x100.webp 100w\" sizes=\"(max-width: 800px) 100vw, 800px\" \/><\/figure>\n<\/div>\n<\/div>","protected":false},"excerpt":{"rendered":"<p>Die ma\u00dfgeschneiderte einteilige Toilette verf\u00fcgt \u00fcber ein patentiertes, rautenf\u00f6rmiges Design, ein hocheffizientes Zweimengen-Sp\u00fclsystem mit Siphon, einen vollst\u00e4ndig umlaufenden Siphon und einen UF-Sitz mit Soft-Close-Funktion. Hygienisch, langlebig, OEM\/ODM-unterst\u00fctzt, ideal f\u00fcr gehobene Hotels, Wohnungen und gewerbliche Projekte. Wir laden Sie ein, uns f\u00fcr hochwertige Produkte zu kontaktieren.<\/p>\n<h2>Produktspezifikationen:<\/h2>\n<table>\n<tbody>\n<tr>\n<td><strong>Attribut<\/strong><\/td>\n<td>\u00a0<span data-path-to-node=\"13,0,1,0\">Spezifikation<\/span><\/td>\n<\/tr>\n<tr>\n<td><strong>Modell<\/strong><\/td>\n<td><span data-path-to-node=\"13,1,1,0\">\u00a0M-9174<\/span><\/td>\n<\/tr>\n<tr>\n<td><strong>Produkttyp<\/strong><\/td>\n<td><span data-path-to-node=\"22,1,1,0\">\u00a0Randlose einteilige Toilette<\/span><\/td>\n<\/tr>\n<tr>\n<td><strong>Material<\/strong><\/td>\n<td>\u00a0Keramik<\/td>\n<\/tr>\n<tr>\n<td><strong>Farbe<\/strong><\/td>\n<td>\u00a0Wei\u00df (benutzerdefinierte Farben verf\u00fcgbar)<\/td>\n<\/tr>\n<tr>\n<td><strong>Sp\u00fclsystem<\/strong><\/td>\n<td>\u00a0<span data-path-to-node=\"13,9,1,0\">Randlose Waschanlage<\/span><\/td>\n<\/tr>\n<tr>\n<td><strong>Gr\u00f6\u00dfe des Produkts<\/strong><\/td>\n<td>\u00a0620 \u00d7 355\u00d7 800 mm<\/td>\n<\/tr>\n<tr>\n<td><strong>Fixierzentralen<\/strong><\/td>\n<td>\n<p>S-Falle, 250mm Einschruppen<\/p>\n<p>P-Siphon, 180mm Einschalung<\/p>\n<\/td>\n<\/tr>\n<tr>\n<td><strong>Einbauart<\/strong><\/td>\n<td>\u00a0<span data-path-to-node=\"13,9,1,0\">Bodenmontiert<\/span><\/td>\n<\/tr>\n<\/tbody>\n<\/table>","protected":false},"featured_media":611,"comment_status":"closed","ping_status":"closed","template":"","meta":{"_acf_changed":false},"product_brand":[],"product_cat":[49],"product_tag":[],"class_list":{"0":"post-610","1":"product","2":"type-product","3":"status-publish","4":"has-post-thumbnail","6":"product_cat-designer-sanitary-ware","8":"first","9":"instock","10":"shipping-taxable","11":"product-type-simple"},"acf":[],"_links":{"self":[{"href":"https:\/\/www.segasanitary.com\/de\/wp-json\/wp\/v2\/product\/610","targetHints":{"allow":["GET"]}}],"collection":[{"href":"https:\/\/www.segasanitary.com\/de\/wp-json\/wp\/v2\/product"}],"about":[{"href":"https:\/\/www.segasanitary.com\/de\/wp-json\/wp\/v2\/types\/product"}],"replies":[{"embeddable":true,"href":"https:\/\/www.segasanitary.com\/de\/wp-json\/wp\/v2\/comments?post=610"}],"wp:featuredmedia":[{"embeddable":true,"href":"https:\/\/www.segasanitary.com\/de\/wp-json\/wp\/v2\/media\/611"}],"wp:attachment":[{"href":"https:\/\/www.segasanitary.com\/de\/wp-json\/wp\/v2\/media?parent=610"}],"wp:term":[{"taxonomy":"product_brand","embeddable":true,"href":"https:\/\/www.segasanitary.com\/de\/wp-json\/wp\/v2\/product_brand?post=610"},{"taxonomy":"product_cat","embeddable":true,"href":"https:\/\/www.segasanitary.com\/de\/wp-json\/wp\/v2\/product_cat?post=610"},{"taxonomy":"product_tag","embeddable":true,"href":"https:\/\/www.segasanitary.com\/de\/wp-json\/wp\/v2\/product_tag?post=610"}],"curies":[{"name":"wp","href":"https:\/\/api.w.org\/{rel}","templated":true}]}}