{"id":584,"date":"2026-03-19T08:13:36","date_gmt":"2026-03-19T08:13:36","guid":{"rendered":"https:\/\/www.segasanitary.com\/?post_type=product&#038;p=584"},"modified":"2026-03-19T08:38:17","modified_gmt":"2026-03-19T08:38:17","slug":"wholesale-smart-toilets","status":"publish","type":"product","link":"https:\/\/www.segasanitary.com\/de\/product\/wholesale-smart-toilets\/","title":{"rendered":"Gro\u00dfhandel Intelligente Toiletten Modern, Tanklose Intelligente Toilette Lieferant"},"content":{"rendered":"<div class=\"wp-block-columns is-layout-flex wp-container-core-columns-is-layout-9d6595d7 wp-block-columns-is-layout-flex\">\n<div class=\"wp-block-column is-vertically-aligned-center is-layout-flow wp-block-column-is-layout-flow\">\n<h2 class=\"wp-block-heading\">Intelligente Toiletten Merkmale:<\/h2>\n\n\n\n<p><strong>Null-Wasserdruck-Grenzwert<\/strong>: Das eingebaute Booster-System gew\u00e4hrleistet eine starke Sp\u00fclung auch bei niedrigem Druck oder in Hochh\u00e4usern.<\/p>\n\n\n\n<p><strong>180\u00b0-Bubble-Shield-Technologie<\/strong>: Erzeugt eine sch\u00fctzende Schaumschicht, die Spritzer verhindert, Ger\u00fcche einschlie\u00dft und die Aerosolisierung von Bakterien reduziert.<\/p>\n\n\n\n<p><strong>Erweiterte Hygiene-Suite<\/strong>: Inklusive UV-sterilisierter D\u00fcse, selbstreinigendem Spr\u00fchstab und medizinischer Infrarottherapie f\u00fcr Wellness und Hygiene.<\/p>\n\n\n\n<p><strong>Kontaktloser Betrieb<\/strong>: Unterst\u00fctzt die Fu\u00dfsp\u00fclung und das automatische \u00d6ffnen des Deckels, um den K\u00f6rperkontakt zu minimieren und eine keimfreie Erfahrung zu gew\u00e4hrleisten.<\/p>\n\n\n\n<p><strong>Intelligente Temperatur- und Komfortsteuerung<\/strong>: Die sofortige Wassererw\u00e4rmung, die Sitzheizung und der Warmlufttrockner bieten dem Endverbraucher das ganze Jahr \u00fcber Komfort.<\/p>\n\n\n\n<p><strong>Aromatherapie-Integration<\/strong>: Das integrierte Aromamodul in Autoqualit\u00e4t sorgt f\u00fcr frische Luft im Badezimmer und ist ein erstklassiges Unterscheidungsmerkmal f\u00fcr den Einzelhandel.<\/p>\n\n\n\n<p><strong>Vollst\u00e4ndige Projektunterst\u00fctzung<\/strong>: SEGA, der Hersteller von Sanit\u00e4rkeramik, bietet Logoanpassung, Gro\u00dflieferung, Installationsberatung und qualit\u00e4tsgesicherte Produktion f\u00fcr globale B2B-Projekte.<\/p>\n<\/div>\n\n\n\n<div class=\"wp-block-column is-layout-flow wp-block-column-is-layout-flow\">\n<figure class=\"wp-block-image size-full\"><img decoding=\"async\" width=\"573\" height=\"800\" src=\"https:\/\/www.segasanitary.com\/wp-content\/uploads\/2026\/03\/wholesale-smart-toilets-tankless-smart-toilet-supplier.webp\" alt=\"Gro\u00dfhandel mit intelligenten Toiletten Lieferanten von intelligenten Toiletten ohne Tank\" class=\"wp-image-599\" srcset=\"https:\/\/www.segasanitary.com\/wp-content\/uploads\/2026\/03\/wholesale-smart-toilets-tankless-smart-toilet-supplier.webp 573w, https:\/\/www.segasanitary.com\/wp-content\/uploads\/2026\/03\/wholesale-smart-toilets-tankless-smart-toilet-supplier-215x300.webp 215w\" sizes=\"(max-width: 573px) 100vw, 573px\" \/><\/figure>\n<\/div>\n<\/div>","protected":false},"excerpt":{"rendered":"<p>Die intelligente Gro\u00dfhandelstoilette verf\u00fcgt \u00fcber eine drucklose Sp\u00fclung, einen 180\u00b0-Blasenschutz, UV-Sterilisation, ber\u00fchrungslosen Betrieb und eine intelligente Temperaturregelung. Fabrik direkt liefert mit strenger Qualit\u00e4t, CUPC\/CE\/SASO zertifiziert, ideal f\u00fcr High-End-Hotels, Wohnungen und kommerzielle Projekte. Bitte kontaktieren Sie uns f\u00fcr den Produktkatalog!<\/p>\n<h2>Produktspezifikationen:<\/h2>\n<table>\n<tbody>\n<tr>\n<td><strong>Attribut<\/strong><\/td>\n<td>\u00a0<span data-path-to-node=\"13,0,1,0\">Spezifikation<\/span><\/td>\n<\/tr>\n<tr>\n<td><strong>Modell<\/strong><\/td>\n<td>612<\/td>\n<\/tr>\n<tr>\n<td><strong>Produkttyp<\/strong><\/td>\n<td>Intelligente Toilette<\/td>\n<\/tr>\n<tr>\n<td><strong>Material<\/strong><\/td>\n<td>Keramik<\/td>\n<\/tr>\n<tr>\n<td><strong>Farbe<\/strong><\/td>\n<td>Wei\u00df (benutzerdefinierte Farben verf\u00fcgbar)<\/td>\n<\/tr>\n<tr>\n<td><strong>Sp\u00fclsystem<\/strong><\/td>\n<td>Sp\u00fclung bei Stromausfall + automatische Siphonsp\u00fclung<\/td>\n<\/tr>\n<tr>\n<td><strong>Gr\u00f6\u00dfe des Produkts<\/strong><\/td>\n<td>700 \u00d7 430 \u00d7 460 mm<\/td>\n<\/tr>\n<tr>\n<td><strong>Einschalung<\/strong><\/td>\n<td>300 \/ 400 mm<\/td>\n<\/tr>\n<tr>\n<td><strong>Einbauart<\/strong><\/td>\n<td>Bodenmontiert<\/td>\n<\/tr>\n<\/tbody>\n<\/table>","protected":false},"featured_media":600,"comment_status":"closed","ping_status":"closed","template":"","meta":{"_acf_changed":false},"product_brand":[],"product_cat":[23,30],"product_tag":[],"class_list":{"0":"post-584","1":"product","2":"type-product","3":"status-publish","4":"has-post-thumbnail","6":"product_cat-wholesale-toilets","7":"product_cat-wholesale-smart-toilet","9":"first","10":"instock","11":"shipping-taxable","12":"product-type-simple"},"acf":[],"_links":{"self":[{"href":"https:\/\/www.segasanitary.com\/de\/wp-json\/wp\/v2\/product\/584","targetHints":{"allow":["GET"]}}],"collection":[{"href":"https:\/\/www.segasanitary.com\/de\/wp-json\/wp\/v2\/product"}],"about":[{"href":"https:\/\/www.segasanitary.com\/de\/wp-json\/wp\/v2\/types\/product"}],"replies":[{"embeddable":true,"href":"https:\/\/www.segasanitary.com\/de\/wp-json\/wp\/v2\/comments?post=584"}],"wp:featuredmedia":[{"embeddable":true,"href":"https:\/\/www.segasanitary.com\/de\/wp-json\/wp\/v2\/media\/600"}],"wp:attachment":[{"href":"https:\/\/www.segasanitary.com\/de\/wp-json\/wp\/v2\/media?parent=584"}],"wp:term":[{"taxonomy":"product_brand","embeddable":true,"href":"https:\/\/www.segasanitary.com\/de\/wp-json\/wp\/v2\/product_brand?post=584"},{"taxonomy":"product_cat","embeddable":true,"href":"https:\/\/www.segasanitary.com\/de\/wp-json\/wp\/v2\/product_cat?post=584"},{"taxonomy":"product_tag","embeddable":true,"href":"https:\/\/www.segasanitary.com\/de\/wp-json\/wp\/v2\/product_tag?post=584"}],"curies":[{"name":"wp","href":"https:\/\/api.w.org\/{rel}","templated":true}]}}