{"id":572,"date":"2026-03-19T06:52:29","date_gmt":"2026-03-19T06:52:29","guid":{"rendered":"https:\/\/www.segasanitary.com\/?post_type=product&#038;p=572"},"modified":"2026-03-19T07:15:17","modified_gmt":"2026-03-19T07:15:17","slug":"wholesale-wall-mounted-toilet","status":"publish","type":"product","link":"https:\/\/www.segasanitary.com\/de\/product\/wholesale-wall-mounted-toilet\/","title":{"rendered":"Gro\u00dfhandel wandmontierte Toilette, schwarze tanklose Toilette Lieferanten"},"content":{"rendered":"<div class=\"wp-block-columns is-layout-flex wp-container-core-columns-is-layout-9d6595d7 wp-block-columns-is-layout-flex\">\n<div class=\"wp-block-column is-vertically-aligned-center is-layout-flow wp-block-column-is-layout-flow\">\n<h2 class=\"wp-block-heading\">Wandh\u00e4ngende Toilette Merkmale:<\/h2>\n\n\n\n<p><strong>Premium-Mattschwarzes Finish<\/strong>: Zweimal bei 1280 \u00b0C mit einer hochwertigen Glasur gebrannt, die eine glatte, matte Oberfl\u00e4che ergibt, die Flecken und Fingerabdr\u00fccken widersteht - ideal f\u00fcr moderne, hochwertige Badprojekte.<\/p>\n\n\n\n<p><strong>Ultrakompaktes wandh\u00e4ngendes Design<\/strong>: Die kurze Ausladung von 495 mm maximiert die Raumeffizienz, w\u00e4hrend die wandmontierte Struktur die visuelle Offenheit verbessert und die Bodenreinigung vereinfacht.<\/p>\n\n\n\n<p><strong>Randlose Hygienesp\u00fclung<\/strong>: Die randlose Technologie sorgt f\u00fcr eine vollst\u00e4ndige Abdeckung des Beckens ohne verdeckte R\u00e4nder, wodurch die Ansammlung von Bakterien reduziert und der Reinigungsaufwand in gewerblichen Einrichtungen verringert wird.<\/p>\n\n\n\n<p><strong>Universelle Installationskompatibilit\u00e4t<\/strong>: Die 180-mm-Standardbefestigung und der 100-mm-Auslauf passen nahtlos zu den wichtigsten Unterputzsp\u00fclkasten-Systemen wie Geberit und Grohe und gew\u00e4hrleisten eine einfache Integration in globale Projekte.<\/p>\n\n\n\n<p><strong>Leistung bei schwerer Belastung<\/strong>: Mit einer Tragf\u00e4higkeit von bis zu 400 kg in Verbindung mit einem geeigneten Rahmen erf\u00fcllt es die Sicherheitsanforderungen f\u00fcr den privaten und gewerblichen Gebrauch.<\/p>\n\n\n\n<p><strong>Zuverl\u00e4ssige OEM\/ODM-Fertigungsunterst\u00fctzung<\/strong>: Sega bietet Logoanpassung, konsistente Farbkontrolle \u00fcber alle Chargen hinweg, stabile Gro\u00dflieferungen und langj\u00e4hrige Exporterfahrung mit vollst\u00e4ndiger Installationsanleitung und Garantie.<\/p>\n<\/div>\n\n\n\n<div class=\"wp-block-column is-layout-flow wp-block-column-is-layout-flow\">\n<figure class=\"wp-block-image size-full\"><img decoding=\"async\" width=\"800\" height=\"800\" src=\"https:\/\/www.segasanitary.com\/wp-content\/uploads\/2026\/03\/wholesale-wall-mounted-toilet-black-tankless-toilet-suppliers.webp\" alt=\"Gro\u00dfhandel wandmontierte Toilette, schwarze tanklose Toilette Lieferanten\" class=\"wp-image-577\" srcset=\"https:\/\/www.segasanitary.com\/wp-content\/uploads\/2026\/03\/wholesale-wall-mounted-toilet-black-tankless-toilet-suppliers.webp 800w, https:\/\/www.segasanitary.com\/wp-content\/uploads\/2026\/03\/wholesale-wall-mounted-toilet-black-tankless-toilet-suppliers-300x300.webp 300w, https:\/\/www.segasanitary.com\/wp-content\/uploads\/2026\/03\/wholesale-wall-mounted-toilet-black-tankless-toilet-suppliers-150x150.webp 150w, https:\/\/www.segasanitary.com\/wp-content\/uploads\/2026\/03\/wholesale-wall-mounted-toilet-black-tankless-toilet-suppliers-768x768.webp 768w, https:\/\/www.segasanitary.com\/wp-content\/uploads\/2026\/03\/wholesale-wall-mounted-toilet-black-tankless-toilet-suppliers-600x600.webp 600w, https:\/\/www.segasanitary.com\/wp-content\/uploads\/2026\/03\/wholesale-wall-mounted-toilet-black-tankless-toilet-suppliers-100x100.webp 100w\" sizes=\"(max-width: 800px) 100vw, 800px\" \/><\/figure>\n<\/div>\n<\/div>","protected":false},"excerpt":{"rendered":"<p>Die wandmontierte Gro\u00dfhandelstoilette zeichnet sich durch eine hochwertige, mattschwarze Oberfl\u00e4che, ein kompaktes Design von 495 mm und eine randlose Hygiene f\u00fcr eine einfache Reinigung aus. Ideal f\u00fcr Hotels, Wohnungen und kommerzielle Projekte. SEGA bietet OEM\/ODM-Anpassung, zuverl\u00e4ssige Lieferung in gro\u00dfen Mengen und umfassende Unterst\u00fctzung bei der Installation. Kontaktieren Sie uns f\u00fcr ein Gro\u00dfhandelsangebot!<\/p>\n<h2>Produktspezifikationen:<\/h2>\n<table>\n<tbody>\n<tr>\n<td><strong>Attribut<\/strong><\/td>\n<td>\u00a0<span data-path-to-node=\"13,0,1,0\">Spezifikation<\/span><\/td>\n<\/tr>\n<tr>\n<td><strong>Modell<\/strong><\/td>\n<td>K-4881<\/td>\n<\/tr>\n<tr>\n<td><strong>Produkttyp<\/strong><\/td>\n<td><span data-path-to-node=\"22,1,1,0\">Wandh\u00e4ngende\/schwimmende Toilette<\/span><\/td>\n<\/tr>\n<tr>\n<td><strong>Material<\/strong><\/td>\n<td>Keramik<\/td>\n<\/tr>\n<tr>\n<td><strong>Farbe<\/strong><\/td>\n<td>Mattschwarz (benutzerdefinierte Farben verf\u00fcgbar)<\/td>\n<\/tr>\n<tr>\n<td><strong>Sp\u00fclsystem<\/strong><\/td>\n<td>\n<p><span style=\"font-family: inherit; font-size: inherit;\">Randlose Waschanlage<\/span><\/p>\n<\/td>\n<\/tr>\n<tr>\n<td><strong>Gr\u00f6\u00dfe des Produkts<\/strong><\/td>\n<td>495 \u00d7 365 \u00d7 365 mm<\/td>\n<\/tr>\n<tr>\n<td><strong>Fixierzentralen<\/strong><\/td>\n<td>180 mm (Standard)<\/td>\n<\/tr>\n<tr>\n<td><strong>Einbauart<\/strong><\/td>\n<td>Wandh\u00e4ngend \/ Wandmontiert<\/td>\n<\/tr>\n<\/tbody>\n<\/table>","protected":false},"featured_media":577,"comment_status":"closed","ping_status":"closed","template":"","meta":{"_acf_changed":false},"product_brand":[],"product_cat":[23,28],"product_tag":[],"class_list":{"0":"post-572","1":"product","2":"type-product","3":"status-publish","4":"has-post-thumbnail","6":"product_cat-wholesale-toilets","7":"product_cat-wholesale-wall-hung-toilet","9":"first","10":"instock","11":"shipping-taxable","12":"product-type-simple"},"acf":[],"_links":{"self":[{"href":"https:\/\/www.segasanitary.com\/de\/wp-json\/wp\/v2\/product\/572","targetHints":{"allow":["GET"]}}],"collection":[{"href":"https:\/\/www.segasanitary.com\/de\/wp-json\/wp\/v2\/product"}],"about":[{"href":"https:\/\/www.segasanitary.com\/de\/wp-json\/wp\/v2\/types\/product"}],"replies":[{"embeddable":true,"href":"https:\/\/www.segasanitary.com\/de\/wp-json\/wp\/v2\/comments?post=572"}],"wp:featuredmedia":[{"embeddable":true,"href":"https:\/\/www.segasanitary.com\/de\/wp-json\/wp\/v2\/media\/577"}],"wp:attachment":[{"href":"https:\/\/www.segasanitary.com\/de\/wp-json\/wp\/v2\/media?parent=572"}],"wp:term":[{"taxonomy":"product_brand","embeddable":true,"href":"https:\/\/www.segasanitary.com\/de\/wp-json\/wp\/v2\/product_brand?post=572"},{"taxonomy":"product_cat","embeddable":true,"href":"https:\/\/www.segasanitary.com\/de\/wp-json\/wp\/v2\/product_cat?post=572"},{"taxonomy":"product_tag","embeddable":true,"href":"https:\/\/www.segasanitary.com\/de\/wp-json\/wp\/v2\/product_tag?post=572"}],"curies":[{"name":"wp","href":"https:\/\/api.w.org\/{rel}","templated":true}]}}