{"id":569,"date":"2026-03-19T06:11:45","date_gmt":"2026-03-19T06:11:45","guid":{"rendered":"https:\/\/www.segasanitary.com\/?post_type=product&#038;p=569"},"modified":"2026-03-19T06:33:18","modified_gmt":"2026-03-19T06:33:18","slug":"two-piece-toilet-custom","status":"publish","type":"product","link":"https:\/\/www.segasanitary.com\/de\/product\/two-piece-toilet-custom\/","title":{"rendered":"Zweiteilige Toilette nach Ma\u00df, Keramiktoilette Hersteller"},"content":{"rendered":"<div class=\"wp-block-columns is-layout-flex wp-container-core-columns-is-layout-9d6595d7 wp-block-columns-is-layout-flex\">\n<div class=\"wp-block-column is-vertically-aligned-center is-layout-flow wp-block-column-is-layout-flow\">\n<h2 class=\"wp-block-heading\">Zweiteilige Toilette Merkmale:<\/h2>\n\n\n\n<p><strong>Flexible Drainage Kompatibilit\u00e4t:<\/strong> Unterst\u00fctzt sowohl S-Siphon (250 mm) als auch P-Siphon (180 mm), wodurch es an verschiedene Sanit\u00e4rstandards auf den globalen M\u00e4rkten angepasst werden kann und gleichzeitig die SKU-Komplexit\u00e4t f\u00fcr H\u00e4ndler reduziert.<\/p>\n\n\n\n<p><strong>Gewerblich genutzte Keramik Langlebigkeit:<\/strong> Gebrannt bei 1280\u00b0C mit einer Wasseraufnahme von weniger als 0,5%, was einen dichten, rissfesten und nicht vergilbenden K\u00f6rper gew\u00e4hrleistet, der sich f\u00fcr stark frequentierte gewerbliche Umgebungen eignet.<\/p>\n\n\n\n<p><strong>Hocheffizientes Washdown-Sp\u00fclsystem<\/strong>: Ausgestattet mit einem Abfluss mit gro\u00dfem Durchmesser und einer leistungsstarken Sp\u00fcltechnik, kombiniert mit einer Zweimengensp\u00fclung, um die Anforderungen an Leistung und Wassereinsparung zu erf\u00fcllen.<\/p>\n\n\n\n<p><strong>Kompaktes, platzsparendes Design<\/strong>Die kurze Ausladung von 650 mm optimiert die Gestaltung von Badezimmern, ideal f\u00fcr Hotels, Wohnungen und Projekte mit begrenztem Platzangebot, ohne dass der Komfort oder die \u00c4sthetik beeintr\u00e4chtigt werden.<\/p>\n\n\n\n<p><strong>Leicht zu reinigende Nano-Glasur-Oberfl\u00e4che<\/strong>: Die fortschrittliche selbstreinigende Nano-Glasur ist resistent gegen Flecken und Bakterienbildung und reduziert die Wartungsh\u00e4ufigkeit und die Betriebskosten erheblich.<\/p>\n\n\n\n<p><strong>Starke OEM\/ODM-Fertigungsunterst\u00fctzung<\/strong>: Professioneller Hersteller, der Logoanpassung, Verpackungsdesign, Massenproduktion und vollst\u00e4ndige Projektunterst\u00fctzung mit strenger Qualit\u00e4tskontrolle anbietet<\/p>\n<\/div>\n\n\n\n<div class=\"wp-block-column is-layout-flow wp-block-column-is-layout-flow\">\n<figure class=\"wp-block-image size-full\"><img decoding=\"async\" width=\"800\" height=\"800\" src=\"https:\/\/www.segasanitary.com\/wp-content\/uploads\/2026\/03\/two-piece-toilet-custom-ceramic-toilet-manufacturers.webp\" alt=\"Zweiteilige Toilette Hersteller von keramischen Toiletten\" class=\"wp-image-570\" srcset=\"https:\/\/www.segasanitary.com\/wp-content\/uploads\/2026\/03\/two-piece-toilet-custom-ceramic-toilet-manufacturers.webp 800w, https:\/\/www.segasanitary.com\/wp-content\/uploads\/2026\/03\/two-piece-toilet-custom-ceramic-toilet-manufacturers-300x300.webp 300w, https:\/\/www.segasanitary.com\/wp-content\/uploads\/2026\/03\/two-piece-toilet-custom-ceramic-toilet-manufacturers-150x150.webp 150w, https:\/\/www.segasanitary.com\/wp-content\/uploads\/2026\/03\/two-piece-toilet-custom-ceramic-toilet-manufacturers-768x768.webp 768w, https:\/\/www.segasanitary.com\/wp-content\/uploads\/2026\/03\/two-piece-toilet-custom-ceramic-toilet-manufacturers-600x600.webp 600w, https:\/\/www.segasanitary.com\/wp-content\/uploads\/2026\/03\/two-piece-toilet-custom-ceramic-toilet-manufacturers-100x100.webp 100w\" sizes=\"(max-width: 800px) 100vw, 800px\" \/><\/figure>\n<\/div>\n<\/div>","protected":false},"excerpt":{"rendered":"<p>Die zweiteilige Toilette bietet globale Kompatibilit\u00e4t mit S\/P-Siphons, langlebige hochgebrannte Keramik, effiziente Doppelsp\u00fclung und ein kompaktes Design. Die zuverl\u00e4ssige OEM\/ODM-Fertigung gew\u00e4hrleistet eine gleichbleibende Qualit\u00e4t und eine stabile Gro\u00dflieferung. Direkt ab Werk, CUPC\/CE\/SASO-zertifiziert, kontaktieren Sie uns f\u00fcr ein g\u00fcnstiges Gro\u00dfhandelsangebot.<\/p>\n<h2>Produktspezifikationen:<\/h2>\n<table>\n<tbody>\n<tr>\n<td><strong>Attribut<\/strong><\/td>\n<td>\u00a0<span data-path-to-node=\"13,0,1,0\">Spezifikation<\/span><\/td>\n<\/tr>\n<tr>\n<td><strong>Modell<\/strong><\/td>\n<td>M-5020<\/td>\n<\/tr>\n<tr>\n<td><strong>Produkttyp<\/strong><\/td>\n<td>Zweiteilige Toilette<\/td>\n<\/tr>\n<tr>\n<td><strong>Material<\/strong><\/td>\n<td>Keramik<\/td>\n<\/tr>\n<tr>\n<td><strong>Farbe<\/strong><\/td>\n<td>Wei\u00df (benutzerdefinierte Farben verf\u00fcgbar)<\/td>\n<\/tr>\n<tr>\n<td><strong>Sp\u00fclsystem<\/strong><\/td>\n<td>Wassersp\u00fclung<\/td>\n<\/tr>\n<tr>\n<td><strong>Gr\u00f6\u00dfe des Produkts<\/strong><\/td>\n<td><span data-path-to-node=\"9,4,1,0\"><span class=\"math-inline\" data-math=\"650 \\times 340 \\times 770mm\" data-index-in-node=\"0\">650 x 340 x 770 mm<\/span><\/span><\/td>\n<\/tr>\n<tr>\n<td><strong>Einschalung<\/strong><\/td>\n<td>\u00a0<span data-path-to-node=\"21,6,1,0\">S-Klappe: 250mm \/ P-Klappe: 180mm<\/span><\/td>\n<\/tr>\n<tr>\n<td><strong>Einbauart<\/strong><\/td>\n<td>Bodenmontiert<\/td>\n<\/tr>\n<\/tbody>\n<\/table>","protected":false},"featured_media":570,"comment_status":"closed","ping_status":"closed","template":"","meta":{"_acf_changed":false},"product_brand":[],"product_cat":[23,29],"product_tag":[],"class_list":{"0":"post-569","1":"product","2":"type-product","3":"status-publish","4":"has-post-thumbnail","6":"product_cat-wholesale-toilets","7":"product_cat-wholesale-two-piece-toilet","9":"first","10":"instock","11":"shipping-taxable","12":"product-type-simple"},"acf":[],"_links":{"self":[{"href":"https:\/\/www.segasanitary.com\/de\/wp-json\/wp\/v2\/product\/569","targetHints":{"allow":["GET"]}}],"collection":[{"href":"https:\/\/www.segasanitary.com\/de\/wp-json\/wp\/v2\/product"}],"about":[{"href":"https:\/\/www.segasanitary.com\/de\/wp-json\/wp\/v2\/types\/product"}],"replies":[{"embeddable":true,"href":"https:\/\/www.segasanitary.com\/de\/wp-json\/wp\/v2\/comments?post=569"}],"wp:featuredmedia":[{"embeddable":true,"href":"https:\/\/www.segasanitary.com\/de\/wp-json\/wp\/v2\/media\/570"}],"wp:attachment":[{"href":"https:\/\/www.segasanitary.com\/de\/wp-json\/wp\/v2\/media?parent=569"}],"wp:term":[{"taxonomy":"product_brand","embeddable":true,"href":"https:\/\/www.segasanitary.com\/de\/wp-json\/wp\/v2\/product_brand?post=569"},{"taxonomy":"product_cat","embeddable":true,"href":"https:\/\/www.segasanitary.com\/de\/wp-json\/wp\/v2\/product_cat?post=569"},{"taxonomy":"product_tag","embeddable":true,"href":"https:\/\/www.segasanitary.com\/de\/wp-json\/wp\/v2\/product_tag?post=569"}],"curies":[{"name":"wp","href":"https:\/\/api.w.org\/{rel}","templated":true}]}}