{"id":540,"date":"2026-03-19T02:11:07","date_gmt":"2026-03-19T02:11:07","guid":{"rendered":"https:\/\/www.segasanitary.com\/?post_type=product&#038;p=540"},"modified":"2026-03-19T03:03:30","modified_gmt":"2026-03-19T03:03:30","slug":"wholesale-bathroom-faucets","status":"publish","type":"product","link":"https:\/\/www.segasanitary.com\/de\/product\/wholesale-bathroom-faucets\/","title":{"rendered":"Gro\u00dfhandel Bad Armaturen, moderne Waschbecken Wasserhahn"},"content":{"rendered":"","protected":false},"excerpt":{"rendered":"<p>Die Gro\u00dfhandels-Badarmaturen sind aus hochreinem Messing gefertigt und mehrschichtig verchromt. Sie verf\u00fcgen \u00fcber ein stilvolles, ergonomisches Ein-Griff-Design und eine sanfte, wasserfall\u00e4hnliche Brause. Als Teil unserer Komplettl\u00f6sungen f\u00fcr das Badezimmer verbinden sie Langlebigkeit und moderne \u00c4sthetik. F\u00fcr Gro\u00dfeink\u00e4ufe oder um mehr \u00fcber den Gro\u00dfhandel mit Sanit\u00e4rprodukten und kundenspezifische L\u00f6sungen zu erfahren, kontaktieren Sie uns bitte!<\/p>\n<h2>Produktspezifikationen:<\/h2>\n<table data-path-to-node=\"13\">\n<thead><\/thead>\n<tbody>\n<tr>\n<td><strong>Attribut<\/strong><\/td>\n<td>\u00a0<span data-path-to-node=\"13,0,1,0\">Spezifikation<\/span><\/td>\n<\/tr>\n<tr>\n<td><strong>Material<\/strong><\/td>\n<td>Massives Messing (hochrein)\/Zinklegierung<\/td>\n<\/tr>\n<tr>\n<td><strong>Oberfl\u00e4che<\/strong><\/td>\n<td>\u00a0<span data-path-to-node=\"13,4,1,0\">Mehrschichten-Spiegel Chrom \/ Schwarz matt \/ Gold geb\u00fcrstet<\/span><\/td>\n<\/tr>\n<tr>\n<td><strong>Einrichtung<\/strong><\/td>\n<td>Decksmontage \/ Einlochbohrung<\/td>\n<\/tr>\n<tr>\n<td><strong>Wasserspiel<\/strong><\/td>\n<td>Hei\u00df- und Kaltmischer<\/td>\n<\/tr>\n<tr>\n<td><strong>Anmeldung<\/strong><\/td>\n<td>Hotel, Wohngeb\u00e4ude, kommerzielle Projekte<\/td>\n<\/tr>\n<\/tbody>\n<\/table>\n<p>&nbsp;<\/p>","protected":false},"featured_media":542,"comment_status":"closed","ping_status":"closed","template":"","meta":{"_acf_changed":false},"product_brand":[],"product_cat":[16],"product_tag":[],"class_list":{"0":"post-540","1":"product","2":"type-product","3":"status-publish","4":"has-post-thumbnail","6":"product_cat-wholesale-bathroom-accessories","8":"first","9":"instock","10":"shipping-taxable","11":"product-type-simple"},"acf":[],"_links":{"self":[{"href":"https:\/\/www.segasanitary.com\/de\/wp-json\/wp\/v2\/product\/540","targetHints":{"allow":["GET"]}}],"collection":[{"href":"https:\/\/www.segasanitary.com\/de\/wp-json\/wp\/v2\/product"}],"about":[{"href":"https:\/\/www.segasanitary.com\/de\/wp-json\/wp\/v2\/types\/product"}],"replies":[{"embeddable":true,"href":"https:\/\/www.segasanitary.com\/de\/wp-json\/wp\/v2\/comments?post=540"}],"wp:featuredmedia":[{"embeddable":true,"href":"https:\/\/www.segasanitary.com\/de\/wp-json\/wp\/v2\/media\/542"}],"wp:attachment":[{"href":"https:\/\/www.segasanitary.com\/de\/wp-json\/wp\/v2\/media?parent=540"}],"wp:term":[{"taxonomy":"product_brand","embeddable":true,"href":"https:\/\/www.segasanitary.com\/de\/wp-json\/wp\/v2\/product_brand?post=540"},{"taxonomy":"product_cat","embeddable":true,"href":"https:\/\/www.segasanitary.com\/de\/wp-json\/wp\/v2\/product_cat?post=540"},{"taxonomy":"product_tag","embeddable":true,"href":"https:\/\/www.segasanitary.com\/de\/wp-json\/wp\/v2\/product_tag?post=540"}],"curies":[{"name":"wp","href":"https:\/\/api.w.org\/{rel}","templated":true}]}}