{"id":539,"date":"2026-03-19T01:49:30","date_gmt":"2026-03-19T01:49:30","guid":{"rendered":"https:\/\/www.segasanitary.com\/?post_type=product&#038;p=539"},"modified":"2026-03-19T02:31:10","modified_gmt":"2026-03-19T02:31:10","slug":"wholesale-toilet-seat","status":"publish","type":"product","link":"https:\/\/www.segasanitary.com\/de\/product\/wholesale-toilet-seat\/","title":{"rendered":"Gro\u00dfhandel Toilettensitz, Smart PP Toilettensitz U-Form mit intelligenter Heizung"},"content":{"rendered":"<div class=\"wp-block-columns is-layout-flex wp-container-core-columns-is-layout-9d6595d7 wp-block-columns-is-layout-flex\">\n<div class=\"wp-block-column is-vertically-aligned-center is-layout-flow wp-block-column-is-layout-flow\">\n<h2 class=\"wp-block-heading\">Snart Toilettensitz Merkmale:<\/h2>\n\n\n\n<p><strong>Intelligente Induktion &amp; Auto-Open:<\/strong> Ausgestattet mit einer Induktions-Flip-Funktion \u00f6ffnet sich der Deckel automatisch ohne manuelles Eingreifen und bietet so ein wirklich ber\u00fchrungsloses Hygieneerlebnis.<\/p>\n\n\n\n<p><strong>Sofortige Heizung und Temperaturkontrolle: <\/strong>Nutzt die Durchlauferhitzungstechnologie, um kontinuierlich hei\u00dfes Wasser zum Waschen zu liefern. Ein LED-Display erm\u00f6glicht es dem Benutzer, die Wasser- und Sitztemperatur in Echtzeit zu \u00fcberwachen.<\/p>\n\n\n\n<p><strong>Beheizter Sockelring: <\/strong>Der beheizte Sitzring unterst\u00fctzt mehrere Temperatureinstellungen und ist mit einem K\u00f6rpersensor ausgestattet, der nur aktiviert wird, wenn der Benutzer sitzt, um Komfort und Energieeffizienz in Einklang zu bringen.<\/p>\n\n\n\n<p><strong>Ein-Klick-Smart-Knopf &amp; mehrere Reinigungsmodi:<\/strong> Mit einem Knopf an der Seite bietet sie mehrere Reinigungsmodi: Waschen von hinten, Waschen von Frauen und Waschen in Bewegung sowie Funktionen zur Einstellung von Wasserdruck und Position.<\/p>\n\n\n\n<p><strong>Schaumstoffabschirmung und spritzwassergesch\u00fctzte Technologie:<\/strong> Die innovative <strong>Schaumstoffschutz<\/strong> Funktion verhindert effektiv das Verspritzen von Wasser und wirkt gleichzeitig als Geruchsbarriere, die Ger\u00fcche und Anhaftungen verhindert und die Sauberkeit der Toilette deutlich verbessert.<\/p>\n\n\n\n<p><strong>Nachtlicht &amp; IPX4 Wasserdicht:<\/strong> Ein eingebautes sanftes Nachtlicht erm\u00f6glicht eine bequeme Nutzung in der Nacht, ohne die grellen Hauptlichter einschalten zu m\u00fcssen. Das gesamte Ger\u00e4t ist nach IPX4 wasserdicht und gew\u00e4hrleistet einen sicheren Betrieb in feuchten Badezimmern.<\/p>\n<\/div>\n\n\n\n<div class=\"wp-block-column is-layout-flow wp-block-column-is-layout-flow\">\n<figure class=\"wp-block-image size-full\"><img decoding=\"async\" width=\"800\" height=\"800\" src=\"https:\/\/www.segasanitary.com\/wp-content\/uploads\/2026\/03\/Wholesale-PP-toilet-seat-2.webp\" alt=\"Gro\u00dfhandel PP Toilettensitz\" class=\"wp-image-499\" srcset=\"https:\/\/www.segasanitary.com\/wp-content\/uploads\/2026\/03\/Wholesale-PP-toilet-seat-2.webp 800w, https:\/\/www.segasanitary.com\/wp-content\/uploads\/2026\/03\/Wholesale-PP-toilet-seat-2-300x300.webp 300w, https:\/\/www.segasanitary.com\/wp-content\/uploads\/2026\/03\/Wholesale-PP-toilet-seat-2-150x150.webp 150w, https:\/\/www.segasanitary.com\/wp-content\/uploads\/2026\/03\/Wholesale-PP-toilet-seat-2-768x768.webp 768w, https:\/\/www.segasanitary.com\/wp-content\/uploads\/2026\/03\/Wholesale-PP-toilet-seat-2-600x600.webp 600w, https:\/\/www.segasanitary.com\/wp-content\/uploads\/2026\/03\/Wholesale-PP-toilet-seat-2-100x100.webp 100w\" sizes=\"(max-width: 800px) 100vw, 800px\" \/><\/figure>\n<\/div>\n<\/div>","protected":false},"excerpt":{"rendered":"<p>Intelligente Toilettensitze f\u00fcr den Gro\u00dfhandel, mit ultrad\u00fcnnem Design und hochwertigem PP-Material, mit LED-Temperaturanzeige und Drehkn\u00f6pfen (beheizter Sitz, automatischer Sensordeckel, etc.). Als professioneller Hersteller von Sanit\u00e4rprodukten bieten wir L\u00f6sungen aus einer Hand, einschlie\u00dflich OEM\/ODM-Services und kundenspezifische Verpackungen. Wenden Sie sich noch heute an unseren Projektleiter, um ein Angebot und einen Produktkatalog zu erhalten!<\/p>\n<h2>Produktspezifikationen:<\/h2>\n<table>\n<tbody>\n<tr>\n<td><strong>Attribut<\/strong><\/td>\n<td>\u00a0<span data-path-to-node=\"13,0,1,0\">Spezifikation<\/span><\/td>\n<\/tr>\n<tr>\n<td><strong>Produktname<\/strong><\/td>\n<td>\u00a0<span data-path-to-node=\"24,1,1,0\">Smart Bidet Toilettensitz Abdeckung<\/span><\/td>\n<\/tr>\n<tr>\n<td><strong>Material<\/strong><\/td>\n<td>\u00a0<span data-path-to-node=\"24,2,1,0\">Hochwertiges PP (Polypropylen)<\/span><\/td>\n<\/tr>\n<tr>\n<td><strong>Abmessungen<\/strong><\/td>\n<td>\u00a0<span data-path-to-node=\"24,3,1,0\">495 x 370 x 112 mm<\/span><\/td>\n<\/tr>\n<tr>\n<td><strong>Nennspannung<\/strong><\/td>\n<td>\u00a0<span data-path-to-node=\"24,4,1,0\">220V \/ 50Hz <\/span><\/td>\n<\/tr>\n<tr>\n<td><strong>Nennleistung<\/strong><\/td>\n<td>1200W<\/td>\n<\/tr>\n<tr>\n<td><strong>Wasserdichte Bewertung<\/strong><\/td>\n<td>IPX4<\/td>\n<\/tr>\n<tr>\n<td><strong>Heizmethode<\/strong><\/td>\n<td>Sofortige Warmwasserbereitung<\/td>\n<\/tr>\n<tr>\n<td><strong>Kernfunktionen<\/strong><\/td>\n<td>Auto-Open, Sitzheizung, Warmlufttrocknung, LED-Anzeige, Schaumstoffabdeckung<\/td>\n<\/tr>\n<\/tbody>\n<\/table>","protected":false},"featured_media":500,"comment_status":"closed","ping_status":"closed","template":"","meta":{"_acf_changed":false},"product_brand":[],"product_cat":[16],"product_tag":[],"class_list":{"0":"post-539","1":"product","2":"type-product","3":"status-publish","4":"has-post-thumbnail","6":"product_cat-wholesale-bathroom-accessories","8":"first","9":"instock","10":"shipping-taxable","11":"product-type-simple"},"acf":[],"_links":{"self":[{"href":"https:\/\/www.segasanitary.com\/de\/wp-json\/wp\/v2\/product\/539","targetHints":{"allow":["GET"]}}],"collection":[{"href":"https:\/\/www.segasanitary.com\/de\/wp-json\/wp\/v2\/product"}],"about":[{"href":"https:\/\/www.segasanitary.com\/de\/wp-json\/wp\/v2\/types\/product"}],"replies":[{"embeddable":true,"href":"https:\/\/www.segasanitary.com\/de\/wp-json\/wp\/v2\/comments?post=539"}],"wp:featuredmedia":[{"embeddable":true,"href":"https:\/\/www.segasanitary.com\/de\/wp-json\/wp\/v2\/media\/500"}],"wp:attachment":[{"href":"https:\/\/www.segasanitary.com\/de\/wp-json\/wp\/v2\/media?parent=539"}],"wp:term":[{"taxonomy":"product_brand","embeddable":true,"href":"https:\/\/www.segasanitary.com\/de\/wp-json\/wp\/v2\/product_brand?post=539"},{"taxonomy":"product_cat","embeddable":true,"href":"https:\/\/www.segasanitary.com\/de\/wp-json\/wp\/v2\/product_cat?post=539"},{"taxonomy":"product_tag","embeddable":true,"href":"https:\/\/www.segasanitary.com\/de\/wp-json\/wp\/v2\/product_tag?post=539"}],"curies":[{"name":"wp","href":"https:\/\/api.w.org\/{rel}","templated":true}]}}