{"id":538,"date":"2026-03-19T01:28:50","date_gmt":"2026-03-19T01:28:50","guid":{"rendered":"https:\/\/www.segasanitary.com\/?post_type=product&#038;p=538"},"modified":"2026-03-19T02:31:19","modified_gmt":"2026-03-19T02:31:19","slug":"wholesale-mdf-bathroom-cabinet","status":"publish","type":"product","link":"https:\/\/www.segasanitary.com\/de\/product\/wholesale-mdf-bathroom-cabinet\/","title":{"rendered":"Gro\u00dfhandel MDF Badezimmer Schrank, Holzmaserung Wand montierte Badezimmer Eitelkeit"},"content":{"rendered":"<div class=\"wp-block-columns is-layout-flex wp-container-core-columns-is-layout-9d6595d7 wp-block-columns-is-layout-flex\">\n<div class=\"wp-block-column is-vertically-aligned-center is-layout-flow wp-block-column-is-layout-flow\">\n<h2 class=\"wp-block-heading\">MDF-Badeschrank Merkmale:<\/h2>\n\n\n\n<p><strong>Leistungsstarkes MDF mit Holzmaserung: <\/strong>Hergestellt aus hochwertigen MDF-Platten (mitteldichte Faserplatten) und mit einem feuchtigkeitsbest\u00e4ndigen Holzmaserungsfurnier versehen. Es bietet die optische Struktur von Massivholz und ist gleichzeitig feuchtigkeitsbest\u00e4ndig und resistent gegen Risse und Verformungen.<\/p>\n\n\n\n<p><strong>Effizientes Doppelspeichersystem:<\/strong> <br><strong>Hauptkabinett: <\/strong>Das ger\u00e4umige Design mit zwei T\u00fcren erm\u00f6glicht die Aufbewahrung gro\u00dfer Badarmaturen und sorgt so f\u00fcr Ordnung im Raum.<br><strong>Spiegelkabinett: <\/strong>Kombiniert eine verspiegelte, versteckte Aufbewahrungseinheit mit offenen F\u00e4chern f\u00fcr den einfachen Zugriff auf h\u00e4ufig verwendete Hautpflegeprodukte.<\/p>\n\n\n\n<p><strong>Soft-Closing-Hardware: <\/strong>Die Standardkonfiguration umfasst hochwertige, sanft schlie\u00dfende Scharniere. Dies gew\u00e4hrleistet ein ger\u00e4uscharmes \u00d6ffnen und Schlie\u00dfen der Schrankt\u00fcren, verl\u00e4ngert ihre Lebensdauer und erf\u00fcllt die Qualit\u00e4tsanforderungen von High-End-Engineering-Projekten.<\/p>\n\n\n\n<p><strong>Minimalistisches Keramik-Becken mit schmalem Rand:<\/strong> Passend dazu das SEGA Thin Edge Keramikbecken mit einer glatten, gleichm\u00e4\u00dfigen Glasur, die sehr schmutzabweisend ist. Es bildet einen auff\u00e4lligen Kontrast zu den dunklen Holzmaserungen des Schranks und unterstreicht die moderne, minimalistische \u00c4sthetik.<\/p>\n\n\n\n<p><strong>Wandh\u00e4ngendes, platzsparendes Design:<\/strong> Durch die Wandmontage wirkt der Raum offener und es gibt keine schwer zu reinigenden Ecken mehr, was die Reinigung erleichtert.<\/p>\n<\/div>\n\n\n\n<div class=\"wp-block-column is-layout-flow wp-block-column-is-layout-flow\">\n<figure class=\"wp-block-image size-full\"><img decoding=\"async\" width=\"800\" height=\"800\" src=\"https:\/\/www.segasanitary.com\/wp-content\/uploads\/2026\/03\/wholesale-MDF-bathroom-cabinet-SJ002.webp\" alt=\"Gro\u00dfhandel MDF Badezimmerschrank\" class=\"wp-image-495\" srcset=\"https:\/\/www.segasanitary.com\/wp-content\/uploads\/2026\/03\/wholesale-MDF-bathroom-cabinet-SJ002.webp 800w, https:\/\/www.segasanitary.com\/wp-content\/uploads\/2026\/03\/wholesale-MDF-bathroom-cabinet-SJ002-300x300.webp 300w, https:\/\/www.segasanitary.com\/wp-content\/uploads\/2026\/03\/wholesale-MDF-bathroom-cabinet-SJ002-150x150.webp 150w, https:\/\/www.segasanitary.com\/wp-content\/uploads\/2026\/03\/wholesale-MDF-bathroom-cabinet-SJ002-768x768.webp 768w, https:\/\/www.segasanitary.com\/wp-content\/uploads\/2026\/03\/wholesale-MDF-bathroom-cabinet-SJ002-600x600.webp 600w, https:\/\/www.segasanitary.com\/wp-content\/uploads\/2026\/03\/wholesale-MDF-bathroom-cabinet-SJ002-100x100.webp 100w\" sizes=\"(max-width: 800px) 100vw, 800px\" \/><\/figure>\n<\/div>\n<\/div>","protected":false},"excerpt":{"rendered":"<p>MDF-Badezimmerschr\u00e4nke f\u00fcr den Gro\u00dfhandel, hergestellt aus hochwertigem MDF mit feuchtigkeitsbest\u00e4ndiger Holzmaserung. Passende Spiegelschr\u00e4nke bieten reichlich Stauraum, was sie zu einer beliebten Wahl f\u00fcr moderne Hotels und Wohnprojekte macht. OEM-Anpassung wird unterst\u00fctzt. Direkte Lieferung in gro\u00dfen Mengen ab Werk. Sichern Sie sich jetzt den besten Preis!<\/p>\n<h2>Produktspezifikationen:<\/h2>\n<table>\n<tbody>\n<tr>\n<td><strong>Attribut<\/strong><\/td>\n<td>\u00a0<span data-path-to-node=\"13,0,1,0\">Spezifikation<\/span><\/td>\n<\/tr>\n<tr>\n<td><strong>Modell<\/strong><\/td>\n<td>\u00a0<span data-path-to-node=\"22,1,1,0\">SJ002<\/span><\/td>\n<\/tr>\n<tr>\n<td><strong>Material des Geh\u00e4uses<\/strong><\/td>\n<td>MDF<\/td>\n<\/tr>\n<tr>\n<td><strong>Material des Beckens<\/strong><\/td>\n<td>Keramik<\/td>\n<\/tr>\n<tr>\n<td><strong>Spiegel Typ<\/strong><\/td>\n<td><span data-path-to-node=\"22,6,1,0\">Spiegelkabinett mit offenen Regalen<\/span><\/td>\n<\/tr>\n<tr>\n<td><strong>Oberfl\u00e4che<\/strong><\/td>\n<td>Nussbaum dunkel \/ Nat\u00fcrliche Holzmaserung<\/td>\n<\/tr>\n<tr>\n<td><strong>Einrichtung<\/strong><\/td>\n<td>\u00a0<span data-path-to-node=\"22,4,1,0\">Wandmontiert \/ Schwimmend<\/span><\/td>\n<\/tr>\n<\/tbody>\n<\/table>","protected":false},"featured_media":495,"comment_status":"closed","ping_status":"closed","template":"","meta":{"_acf_changed":false},"product_brand":[],"product_cat":[20,43],"product_tag":[],"class_list":{"0":"post-538","1":"product","2":"type-product","3":"status-publish","4":"has-post-thumbnail","6":"product_cat-wholesale-bathroom-cabinet","7":"product_cat-wholesale-mdf-bathroom-cabinet","9":"first","10":"instock","11":"shipping-taxable","12":"product-type-simple"},"acf":[],"_links":{"self":[{"href":"https:\/\/www.segasanitary.com\/de\/wp-json\/wp\/v2\/product\/538","targetHints":{"allow":["GET"]}}],"collection":[{"href":"https:\/\/www.segasanitary.com\/de\/wp-json\/wp\/v2\/product"}],"about":[{"href":"https:\/\/www.segasanitary.com\/de\/wp-json\/wp\/v2\/types\/product"}],"replies":[{"embeddable":true,"href":"https:\/\/www.segasanitary.com\/de\/wp-json\/wp\/v2\/comments?post=538"}],"wp:featuredmedia":[{"embeddable":true,"href":"https:\/\/www.segasanitary.com\/de\/wp-json\/wp\/v2\/media\/495"}],"wp:attachment":[{"href":"https:\/\/www.segasanitary.com\/de\/wp-json\/wp\/v2\/media?parent=538"}],"wp:term":[{"taxonomy":"product_brand","embeddable":true,"href":"https:\/\/www.segasanitary.com\/de\/wp-json\/wp\/v2\/product_brand?post=538"},{"taxonomy":"product_cat","embeddable":true,"href":"https:\/\/www.segasanitary.com\/de\/wp-json\/wp\/v2\/product_cat?post=538"},{"taxonomy":"product_tag","embeddable":true,"href":"https:\/\/www.segasanitary.com\/de\/wp-json\/wp\/v2\/product_tag?post=538"}],"curies":[{"name":"wp","href":"https:\/\/api.w.org\/{rel}","templated":true}]}}