{"id":483,"date":"2026-03-18T09:59:22","date_gmt":"2026-03-18T09:59:22","guid":{"rendered":"https:\/\/www.segasanitary.com\/?post_type=product&#038;p=483"},"modified":"2026-03-19T02:31:34","modified_gmt":"2026-03-19T02:31:34","slug":"custom-bathroom-mirror","status":"publish","type":"product","link":"https:\/\/www.segasanitary.com\/de\/product\/custom-bathroom-mirror\/","title":{"rendered":"Benutzerdefinierte Badezimmer-Spiegel, Gro\u00dfhandel Smart LED rechteckigen Spiegel"},"content":{"rendered":"<div class=\"wp-block-columns is-layout-flex wp-container-core-columns-is-layout-9d6595d7 wp-block-columns-is-layout-flex\">\n<div class=\"wp-block-column is-vertically-aligned-center is-layout-flow wp-block-column-is-layout-flow\">\n<h2 class=\"wp-block-heading\">Badezimmer-Spiegel Merkmale:<\/h2>\n\n\n\n<p><strong>Zweifach beleuchtetes Design (Vorder- und Hintergrundbeleuchtung)<\/strong><br>Die F-007 verf\u00fcgt \u00fcber ein innovatives duales Beleuchtungssystem: Eine hochgl\u00e4nzende, mattierte Frontleiste sorgt f\u00fcr ungehindertes Licht beim Auftragen von Make-up und beim Rasieren; das hinterleuchtete Design schafft ein sanftes Ambiente und wertet das Badezimmer sofort auf.<\/p>\n\n\n\n<p><strong>Intelligente Anti-Beschlag-Technologie<\/strong><br>Die eingebaute intelligente Anti-Beschlag-Technologie erw\u00e4rmt den Spiegel sanft, so dass er auch nach einer hei\u00dfen Dusche klar bleibt.<\/p>\n\n\n\n<p><strong>Smart Touch Steuerung &amp; Dimmen<\/strong><br>Ausgestattet mit zwei empfindlichen Touch-Tasten: Eine Taste steuert das Entfoggen, w\u00e4hrend ein langer Druck die Helligkeit einstellt (10% - 100%). Unterst\u00fctzt drei Farbtemperaturen (3000K\/4000K\/6000K), um unterschiedlichen Bed\u00fcrfnissen gerecht zu werden.<\/p>\n\n\n\n<p><strong>Kupferfreier HD-Silber-Spiegel<\/strong><br>Verwendet einen 5mm kupferfreien, umweltfreundlichen Silberspiegel. Im Vergleich zu herk\u00f6mmlichen Spiegeln reflektiert er nicht nur Bilder klarer und nat\u00fcrlicher, sondern hat auch eine ausgezeichnete Korrosions- und Oxidationsbest\u00e4ndigkeit und eine l\u00e4ngere Lebensdauer in feuchten Umgebungen.<\/p>\n<\/div>\n\n\n\n<div class=\"wp-block-column is-layout-flow wp-block-column-is-layout-flow\">\n<figure class=\"wp-block-image size-full\"><img decoding=\"async\" width=\"800\" height=\"595\" src=\"https:\/\/www.segasanitary.com\/wp-content\/uploads\/2026\/03\/custom-bathroom-mirror-F-007-2.webp\" alt=\"Kundenspezifischer Badezimmerspiegel\" class=\"wp-image-494\" srcset=\"https:\/\/www.segasanitary.com\/wp-content\/uploads\/2026\/03\/custom-bathroom-mirror-F-007-2.webp 800w, https:\/\/www.segasanitary.com\/wp-content\/uploads\/2026\/03\/custom-bathroom-mirror-F-007-2-300x223.webp 300w, https:\/\/www.segasanitary.com\/wp-content\/uploads\/2026\/03\/custom-bathroom-mirror-F-007-2-768x571.webp 768w, https:\/\/www.segasanitary.com\/wp-content\/uploads\/2026\/03\/custom-bathroom-mirror-F-007-2-600x446.webp 600w\" sizes=\"(max-width: 800px) 100vw, 800px\" \/><\/figure>\n<\/div>\n<\/div>","protected":false},"excerpt":{"rendered":"<p>Gro\u00dfhandels- und kundenspezifische Badezimmerspiegel, kupferfreie LED-Spiegel mit Front- und Hintergrundbeleuchtung und einem intelligenten Anti-Beschlag-System, sind ideal f\u00fcr moderne Hotels und Wohnh\u00e4user. Als Hersteller von Badspiegeln bieten wir OEM\/ODM-Dienstleistungen und wettbewerbsf\u00e4hige Preise. Fragen Sie jetzt an!<\/p>\n<h2>Produktspezifikationen:<\/h2>\n<table>\n<tbody>\n<tr>\n<td><strong>Attribut<\/strong><\/td>\n<td>\u00a0<span data-path-to-node=\"13,0,1,0\">Spezifikation<\/span><\/td>\n<\/tr>\n<tr>\n<td><strong>Modell<\/strong><\/td>\n<td>\u00a0<span data-path-to-node=\"22,1,1,0\">F-007<\/span><\/td>\n<\/tr>\n<tr>\n<td><strong>Produkttyp<\/strong><\/td>\n<td>\u00a0<span data-path-to-node=\"22,2,1,0\">Intelligenter LED-Badezimmer-Spiegel<\/span><\/td>\n<\/tr>\n<tr>\n<td><strong>Material<\/strong><\/td>\n<td>Kupferfreier HD-Silber-Spiegel<\/td>\n<\/tr>\n<tr>\n<td><strong>Form<\/strong><\/td>\n<td>Rechteckig<\/td>\n<\/tr>\n<tr>\n<td><strong>Rahmen<\/strong><\/td>\n<td>Rahmenlos \/ Struktur aus Aluminiumlegierung<\/td>\n<\/tr>\n<tr>\n<td><strong>Beleuchtungsmodus<\/strong><\/td>\n<td>\u00a0<span data-path-to-node=\"22,3,1,0\">Frontbeleuchtet + Hintergrundbeleuchtung (Dual Glow)<\/span><\/td>\n<\/tr>\n<tr>\n<td><strong>Funktionen<\/strong><\/td>\n<td>Anti-Beschlag, dimmbar, CCT einstellbar<\/td>\n<\/tr>\n<tr>\n<td><strong>Wasserdicht<\/strong><\/td>\n<td>\u00a0<span data-path-to-node=\"22,8,1,0\">IP44 Bewertung<\/span><\/td>\n<\/tr>\n<\/tbody>\n<\/table>","protected":false},"featured_media":493,"comment_status":"closed","ping_status":"closed","template":"","meta":{"_acf_changed":false},"product_brand":[],"product_cat":[19,35,39],"product_tag":[],"class_list":{"0":"post-483","1":"product","2":"type-product","3":"status-publish","4":"has-post-thumbnail","6":"product_cat-wholesale-bathroom-mirror","7":"product_cat-custom-frameless-mirror","8":"product_cat-custom-rectangular-mirror","10":"first","11":"instock","12":"shipping-taxable","13":"product-type-simple"},"acf":[],"_links":{"self":[{"href":"https:\/\/www.segasanitary.com\/de\/wp-json\/wp\/v2\/product\/483","targetHints":{"allow":["GET"]}}],"collection":[{"href":"https:\/\/www.segasanitary.com\/de\/wp-json\/wp\/v2\/product"}],"about":[{"href":"https:\/\/www.segasanitary.com\/de\/wp-json\/wp\/v2\/types\/product"}],"replies":[{"embeddable":true,"href":"https:\/\/www.segasanitary.com\/de\/wp-json\/wp\/v2\/comments?post=483"}],"wp:featuredmedia":[{"embeddable":true,"href":"https:\/\/www.segasanitary.com\/de\/wp-json\/wp\/v2\/media\/493"}],"wp:attachment":[{"href":"https:\/\/www.segasanitary.com\/de\/wp-json\/wp\/v2\/media?parent=483"}],"wp:term":[{"taxonomy":"product_brand","embeddable":true,"href":"https:\/\/www.segasanitary.com\/de\/wp-json\/wp\/v2\/product_brand?post=483"},{"taxonomy":"product_cat","embeddable":true,"href":"https:\/\/www.segasanitary.com\/de\/wp-json\/wp\/v2\/product_cat?post=483"},{"taxonomy":"product_tag","embeddable":true,"href":"https:\/\/www.segasanitary.com\/de\/wp-json\/wp\/v2\/product_tag?post=483"}],"curies":[{"name":"wp","href":"https:\/\/api.w.org\/{rel}","templated":true}]}}