{"id":441,"date":"2026-03-18T08:53:52","date_gmt":"2026-03-18T08:53:52","guid":{"rendered":"https:\/\/www.segasanitary.com\/?post_type=product&#038;p=441"},"modified":"2026-03-19T02:33:33","modified_gmt":"2026-03-19T02:33:33","slug":"wholesale-cabinets-wash-basin","status":"publish","type":"product","link":"https:\/\/www.segasanitary.com\/de\/product\/wholesale-cabinets-wash-basin\/","title":{"rendered":"Gro\u00dfhandel Schr\u00e4nke Waschbecken, keramische Waschbecken f\u00fcr Badezimmer Schr\u00e4nke in Bulk"},"content":{"rendered":"<div class=\"wp-block-columns is-layout-flex wp-container-core-columns-is-layout-9d6595d7 wp-block-columns-is-layout-flex\">\n<div class=\"wp-block-column is-vertically-aligned-center is-layout-flow wp-block-column-is-layout-flow\">\n<h2 class=\"wp-block-heading\">Schr\u00e4nke Waschbecken Abmessungen:<\/h2>\n\n\n\n<figure class=\"wp-block-table\"><table class=\"has-fixed-layout\"><thead><tr><td><strong>Modell<\/strong><\/td><td><strong>Abmessungen (LxBxH)<\/strong><\/td><\/tr><\/thead><tbody><tr><td><strong>9060A<\/strong><\/td><td>600 x 460 x 180 mm<\/td><\/tr><tr><td><strong>9080A<\/strong><\/td><td>800 x 460 x 180 mm<\/td><\/tr><tr><td><strong>9090A<\/strong><\/td><td>900 x 460 x 180 mm<\/td><\/tr><tr><td><strong>9100A<\/strong><\/td><td>1000 x 460 x 180 mm<\/td><\/tr><\/tbody><\/table><\/figure>\n<\/div>\n\n\n\n<div class=\"wp-block-column is-layout-flow wp-block-column-is-layout-flow\">\n<figure class=\"wp-block-image size-full\"><img decoding=\"async\" width=\"800\" height=\"800\" src=\"https:\/\/www.segasanitary.com\/wp-content\/uploads\/2026\/03\/wholesale-cabinets-wash-basin-90A-2.webp\" alt=\"Gro\u00dfhandel Schr\u00e4nke Waschbecken 90A\" class=\"wp-image-443\" srcset=\"https:\/\/www.segasanitary.com\/wp-content\/uploads\/2026\/03\/wholesale-cabinets-wash-basin-90A-2.webp 800w, https:\/\/www.segasanitary.com\/wp-content\/uploads\/2026\/03\/wholesale-cabinets-wash-basin-90A-2-300x300.webp 300w, https:\/\/www.segasanitary.com\/wp-content\/uploads\/2026\/03\/wholesale-cabinets-wash-basin-90A-2-150x150.webp 150w, https:\/\/www.segasanitary.com\/wp-content\/uploads\/2026\/03\/wholesale-cabinets-wash-basin-90A-2-768x768.webp 768w, https:\/\/www.segasanitary.com\/wp-content\/uploads\/2026\/03\/wholesale-cabinets-wash-basin-90A-2-600x600.webp 600w, https:\/\/www.segasanitary.com\/wp-content\/uploads\/2026\/03\/wholesale-cabinets-wash-basin-90A-2-100x100.webp 100w\" sizes=\"(max-width: 800px) 100vw, 800px\" \/><\/figure>\n<\/div>\n<\/div>\n\n\n\n<div class=\"wp-block-columns is-layout-flex wp-container-core-columns-is-layout-9d6595d7 wp-block-columns-is-layout-flex\">\n<div class=\"wp-block-column is-layout-flow wp-block-column-is-layout-flow\">\n<figure class=\"wp-block-image size-full\"><img decoding=\"async\" width=\"800\" height=\"800\" src=\"https:\/\/www.segasanitary.com\/wp-content\/uploads\/2026\/03\/wholesale-cabinets-wash-basin-90A-1.webp\" alt=\"Gro\u00dfhandel Schr\u00e4nke Waschbecken 90A\" class=\"wp-image-442\" srcset=\"https:\/\/www.segasanitary.com\/wp-content\/uploads\/2026\/03\/wholesale-cabinets-wash-basin-90A-1.webp 800w, https:\/\/www.segasanitary.com\/wp-content\/uploads\/2026\/03\/wholesale-cabinets-wash-basin-90A-1-300x300.webp 300w, https:\/\/www.segasanitary.com\/wp-content\/uploads\/2026\/03\/wholesale-cabinets-wash-basin-90A-1-150x150.webp 150w, https:\/\/www.segasanitary.com\/wp-content\/uploads\/2026\/03\/wholesale-cabinets-wash-basin-90A-1-768x768.webp 768w, https:\/\/www.segasanitary.com\/wp-content\/uploads\/2026\/03\/wholesale-cabinets-wash-basin-90A-1-600x600.webp 600w, https:\/\/www.segasanitary.com\/wp-content\/uploads\/2026\/03\/wholesale-cabinets-wash-basin-90A-1-100x100.webp 100w\" sizes=\"(max-width: 800px) 100vw, 800px\" \/><\/figure>\n<\/div>\n\n\n\n<div class=\"wp-block-column is-vertically-aligned-center is-layout-flow wp-block-column-is-layout-flow\">\n<h2 class=\"wp-block-heading\">Schr\u00e4nke Waschbecken Merkmale:<\/h2>\n\n\n\n<p><strong>Ultrad\u00fcnne Kante \u00c4sthetik:<\/strong> Mit seinem minimalistischen, schmalen Design und seinen klaren Linien passt dieses Waschbecken perfekt an den Rand des Badezimmerschranks. Es unterstreicht das moderne Ambiente des gesamten Hauses und maximiert den nutzbaren Raum im Inneren des Beckens.<\/p>\n\n\n\n<p><strong>Multi-Size Comprehensive Series:<\/strong> Bietet vier Standardl\u00e4ngen: 600 mm, 800 mm, 900 mm und 1000 mm, die es Bauunternehmern und Tischlern erm\u00f6glichen, sich leicht an die individuellen Bed\u00fcrfnisse von Badezimmerschr\u00e4nken in verschiedenen Wohnungsgrundrissen anzupassen.<\/p>\n\n\n\n<p><strong>Nahtlose Integration mit Schr\u00e4nken: <\/strong>Optimiert f\u00fcr den Einbau in Schr\u00e4nke und Unterschr\u00e4nke. Der flache Beckenboden l\u00e4sst sich nahtlos in Badezimmerschr\u00e4nke aus Holz oder Metall integrieren, verhindert effektiv das Austreten von Wasser und vereinfacht den Montageprozess.<\/p>\n\n\n\n<p><strong>Hervorragende Qualit\u00e4t aus glasartigem Porzellan: <\/strong>Hergestellt aus Premium-Keramik der G\u00fcteklasse A, gebrannt bei 1280\u00b0C. Die Glasur ist extrem glatt und sto\u00dffest und damit ideal f\u00fcr den h\u00e4ufigen Gebrauch im privaten und gewerblichen Bereich.<\/p>\n\n\n\n<p><strong>Funktionaler \u00dcberlauf &amp; Hahnloch:<\/strong> Jedes Modell ist mit einem Standard-\u00dcberlauf und einem Einloch-Wasserhahn ausgestattet. Das Abflussgef\u00e4lle ist genau berechnet, um einen reibungslosen Wasserfluss zu gew\u00e4hrleisten und Wasseransammlungen und Kalkablagerungen zu vermeiden.<\/p>\n<\/div>\n<\/div>","protected":false},"excerpt":{"rendered":"<p>Gro\u00dfhandels-Waschtisch mit ultrad\u00fcnnen R\u00e4ndern und einem sauberen, versenkbaren Look, entworfen f\u00fcr moderne Badezimmer-Eitelkeiten. Erh\u00e4ltlich in verschiedenen Gr\u00f6\u00dfen von 600 mm bis 1000 mm, ideal f\u00fcr Gro\u00dfh\u00e4ndler und M\u00f6belhersteller. Kontaktieren Sie uns noch heute f\u00fcr Direktpreise.<\/p>\n<h2>Produktspezifikationen:<\/h2>\n<table>\n<tbody>\n<tr>\n<td><strong>Attribut<\/strong><\/td>\n<td>\u00a0<span data-path-to-node=\"13,0,1,0\">Spezifikation<\/span><\/td>\n<\/tr>\n<tr>\n<td><strong>Modell<\/strong><\/td>\n<td>90A<\/td>\n<\/tr>\n<tr>\n<td><strong>Produkttyp<\/strong><\/td>\n<td>Waschbecken im Schrank \/ M\u00f6belwaschbecken<\/td>\n<\/tr>\n<tr>\n<td><strong>Material<\/strong><\/td>\n<td>Keramik<\/td>\n<\/tr>\n<tr>\n<td><strong>Farbe<\/strong><\/td>\n<td>Wei\u00df (benutzerdefinierte Farben verf\u00fcgbar)<\/td>\n<\/tr>\n<tr>\n<td><strong>Einrichtung<\/strong><\/td>\n<td>Drop-in<\/td>\n<\/tr>\n<tr>\n<td><strong>L\u00e4nge<\/strong><\/td>\n<td>\u00a0600mm, 800mm, 900mm, 1000mm<\/td>\n<\/tr>\n<\/tbody>\n<\/table>","protected":false},"featured_media":442,"comment_status":"closed","ping_status":"closed","template":"","meta":{"_acf_changed":false},"product_brand":[],"product_cat":[22,34],"product_tag":[],"class_list":{"0":"post-441","1":"product","2":"type-product","3":"status-publish","4":"has-post-thumbnail","6":"product_cat-wholesale-wash-basin","7":"product_cat-wholesale-cabinet-basin","9":"first","10":"instock","11":"shipping-taxable","12":"product-type-simple"},"acf":[],"_links":{"self":[{"href":"https:\/\/www.segasanitary.com\/de\/wp-json\/wp\/v2\/product\/441","targetHints":{"allow":["GET"]}}],"collection":[{"href":"https:\/\/www.segasanitary.com\/de\/wp-json\/wp\/v2\/product"}],"about":[{"href":"https:\/\/www.segasanitary.com\/de\/wp-json\/wp\/v2\/types\/product"}],"replies":[{"embeddable":true,"href":"https:\/\/www.segasanitary.com\/de\/wp-json\/wp\/v2\/comments?post=441"}],"wp:featuredmedia":[{"embeddable":true,"href":"https:\/\/www.segasanitary.com\/de\/wp-json\/wp\/v2\/media\/442"}],"wp:attachment":[{"href":"https:\/\/www.segasanitary.com\/de\/wp-json\/wp\/v2\/media?parent=441"}],"wp:term":[{"taxonomy":"product_brand","embeddable":true,"href":"https:\/\/www.segasanitary.com\/de\/wp-json\/wp\/v2\/product_brand?post=441"},{"taxonomy":"product_cat","embeddable":true,"href":"https:\/\/www.segasanitary.com\/de\/wp-json\/wp\/v2\/product_cat?post=441"},{"taxonomy":"product_tag","embeddable":true,"href":"https:\/\/www.segasanitary.com\/de\/wp-json\/wp\/v2\/product_tag?post=441"}],"curies":[{"name":"wp","href":"https:\/\/api.w.org\/{rel}","templated":true}]}}