{"id":420,"date":"2026-03-18T08:03:17","date_gmt":"2026-03-18T08:03:17","guid":{"rendered":"https:\/\/www.segasanitary.com\/?post_type=product&#038;p=420"},"modified":"2026-03-19T02:34:34","modified_gmt":"2026-03-19T02:34:34","slug":"wholesale-wall-hung-bathroom-sink","status":"publish","type":"product","link":"https:\/\/www.segasanitary.com\/de\/product\/wholesale-wall-hung-bathroom-sink\/","title":{"rendered":"Gro\u00dfhandel Wand geh\u00e4ngt Badezimmer Waschbecken, Badezimmer Waschbecken Lieferant"},"content":{"rendered":"<div class=\"wp-block-columns is-layout-flex wp-container-core-columns-is-layout-9d6595d7 wp-block-columns-is-layout-flex\">\n<div class=\"wp-block-column is-vertically-aligned-center is-layout-flow wp-block-column-is-layout-flow\">\n<h2 class=\"wp-block-heading\">Wandh\u00e4ngendes Waschbecken f\u00fcr das Bad Merkmale:<\/h2>\n\n\n\n<p><strong>Elegantes, platzsparendes Design: <\/strong>Ein an der Wand montiertes, h\u00e4ngendes Design sorgt f\u00fcr einen minimalistischen und offenen visuellen Effekt<strong>, <\/strong>Beseitigung von schwer zu reinigenden Ecken. Ideal f\u00fcr moderne Badezimmer mit wenig Platz, aber dem Wunsch nach einem anspruchsvollen Look.<\/p>\n\n\n\n<p><strong>Premium-Nano-Glasur-Finish: <\/strong>Die Oberfl\u00e4che ist mit einer selbstreinigenden Nano-Glasur beschichtet, glatt und flach mit extrem geringer Wasseraufnahme. Sie zeichnet sich durch hervorragende Fleckenbest\u00e4ndigkeit und antibakterielle Eigenschaften aus und ist somit leicht zu pflegen.<\/p>\n\n\n\n<p><strong>Eingebautes \u00dcberlaufsystem: <\/strong>Ausgestattet mit einem <strong>eingebauter \u00dcberlauf<\/strong> Konstruktion. Verhindert wirksam das Auslaufen von Wasser und sorgt f\u00fcr eine trockene und sichere Umgebung, besonders geeignet f\u00fcr den h\u00e4ufigen Einsatz in gewerblichen Umgebungen.<\/p>\n\n\n\n<p><strong>Robuste Technik &amp; Tragf\u00e4higkeit:<\/strong> Der verdickte Keramikk\u00f6rper in Verbindung mit einer professionellen R\u00fcckwandstruktur sorgt f\u00fcr eine hervorragende Tragf\u00e4higkeit und Haltbarkeit und erf\u00fcllt die internationalen Normen f\u00fcr gewerbliche Technik.<\/p>\n<\/div>\n\n\n\n<div class=\"wp-block-column is-layout-flow wp-block-column-is-layout-flow\">\n<figure class=\"wp-block-image size-full\"><img decoding=\"async\" width=\"815\" height=\"626\" src=\"https:\/\/www.segasanitary.com\/wp-content\/uploads\/2026\/03\/wholesale-wall-hung-bathroom-sink-2.webp\" alt=\"Gro\u00dfhandel f\u00fcr wandh\u00e4ngende Waschbecken\" class=\"wp-image-431\" srcset=\"https:\/\/www.segasanitary.com\/wp-content\/uploads\/2026\/03\/wholesale-wall-hung-bathroom-sink-2.webp 815w, https:\/\/www.segasanitary.com\/wp-content\/uploads\/2026\/03\/wholesale-wall-hung-bathroom-sink-2-300x230.webp 300w, https:\/\/www.segasanitary.com\/wp-content\/uploads\/2026\/03\/wholesale-wall-hung-bathroom-sink-2-768x590.webp 768w, https:\/\/www.segasanitary.com\/wp-content\/uploads\/2026\/03\/wholesale-wall-hung-bathroom-sink-2-600x461.webp 600w\" sizes=\"(max-width: 815px) 100vw, 815px\" \/><\/figure>\n<\/div>\n<\/div>","protected":false},"excerpt":{"rendered":"<p>Wandh\u00e4ngendes Waschbecken aus hochwertigem Keramikmaterial mit selbstreinigender Glasur im Gro\u00dfhandel. Sein schwimmendes Design maximiert die Bodenfl\u00e4che, perfekt f\u00fcr kompakte moderne R\u00e4ume. Massenanpassung wird unterst\u00fctzt. Kontaktieren Sie uns f\u00fcr die Werkspreise!<\/p>\n<h2>Produktspezifikationen:<\/h2>\n<table>\n<tbody>\n<tr>\n<td><strong>Attribut<\/strong><\/td>\n<td>\u00a0<span data-path-to-node=\"13,0,1,0\">Spezifikation<\/span><\/td>\n<\/tr>\n<tr>\n<td><strong>Modell<\/strong><\/td>\n<td>P-7007W<\/td>\n<\/tr>\n<tr>\n<td><strong>Produkttyp<\/strong><\/td>\n<td>\u00a0<span data-path-to-node=\"21,1,1,0\">Wandh\u00e4ngendes Waschbecken \/ Schwimmendes Waschbecken<\/span><\/td>\n<\/tr>\n<tr>\n<td><strong>Material<\/strong><\/td>\n<td>Keramik<\/td>\n<\/tr>\n<tr>\n<td><strong>Farbe<\/strong><\/td>\n<td>Wei\u00df (benutzerdefinierte Farben verf\u00fcgbar)<\/td>\n<\/tr>\n<tr>\n<td><strong>Einrichtung<\/strong><\/td>\n<td>Wandhalterung<\/td>\n<\/tr>\n<tr>\n<td><strong>Gr\u00f6\u00dfe des Produkts<\/strong><\/td>\n<td>580 \u00d7 480 \u00d7 380 mm<\/td>\n<\/tr>\n<\/tbody>\n<\/table>","protected":false},"featured_media":430,"comment_status":"closed","ping_status":"closed","template":"","meta":{"_acf_changed":false},"product_brand":[],"product_cat":[22,32],"product_tag":[],"class_list":{"0":"post-420","1":"product","2":"type-product","3":"status-publish","4":"has-post-thumbnail","6":"product_cat-wholesale-wash-basin","7":"product_cat-wholesale-wall-hung-wash-basin","9":"first","10":"instock","11":"shipping-taxable","12":"product-type-simple"},"acf":[],"_links":{"self":[{"href":"https:\/\/www.segasanitary.com\/de\/wp-json\/wp\/v2\/product\/420","targetHints":{"allow":["GET"]}}],"collection":[{"href":"https:\/\/www.segasanitary.com\/de\/wp-json\/wp\/v2\/product"}],"about":[{"href":"https:\/\/www.segasanitary.com\/de\/wp-json\/wp\/v2\/types\/product"}],"replies":[{"embeddable":true,"href":"https:\/\/www.segasanitary.com\/de\/wp-json\/wp\/v2\/comments?post=420"}],"wp:featuredmedia":[{"embeddable":true,"href":"https:\/\/www.segasanitary.com\/de\/wp-json\/wp\/v2\/media\/430"}],"wp:attachment":[{"href":"https:\/\/www.segasanitary.com\/de\/wp-json\/wp\/v2\/media?parent=420"}],"wp:term":[{"taxonomy":"product_brand","embeddable":true,"href":"https:\/\/www.segasanitary.com\/de\/wp-json\/wp\/v2\/product_brand?post=420"},{"taxonomy":"product_cat","embeddable":true,"href":"https:\/\/www.segasanitary.com\/de\/wp-json\/wp\/v2\/product_cat?post=420"},{"taxonomy":"product_tag","embeddable":true,"href":"https:\/\/www.segasanitary.com\/de\/wp-json\/wp\/v2\/product_tag?post=420"}],"curies":[{"name":"wp","href":"https:\/\/api.w.org\/{rel}","templated":true}]}}