{"id":219,"date":"2026-03-14T11:50:05","date_gmt":"2026-03-14T11:50:05","guid":{"rendered":"https:\/\/www.segasanitary.com\/?post_type=product&#038;p=219"},"modified":"2026-03-19T02:35:04","modified_gmt":"2026-03-19T02:35:04","slug":"wholesale-one-piece-toilet","status":"publish","type":"product","link":"https:\/\/www.segasanitary.com\/de\/product\/wholesale-one-piece-toilet\/","title":{"rendered":"Gro\u00dfhandel einteilige Toilette, Doppelsp\u00fclung Tornado Flush Toilette Lieferant"},"content":{"rendered":"<div class=\"wp-block-columns is-layout-flex wp-container-core-columns-is-layout-9d6595d7 wp-block-columns-is-layout-flex\">\n<div class=\"wp-block-column is-vertically-aligned-center is-layout-flow wp-block-column-is-layout-flow\">\n<h2 class=\"wp-block-heading\">Einteilige Toilette Merkmale:<\/h2>\n\n\n\n<p><strong>Effizientes Vortex-Sp\u00fclsystem:<\/strong> Die fortschrittliche Vortex-Sp\u00fcltechnik sorgt f\u00fcr einen starken und effizienten Wasserfluss, der eine effektive Abfallbeseitigung bei gleichzeitig niedrigem Wasserverbrauch gew\u00e4hrleistet.<\/p>\n\n\n\n<p><strong>Langlebige Keramikkonstruktion: <\/strong>Die Toilette ist aus hochwertigen keramischen Materialien mit glatter Glasur hergestellt und bietet eine hervorragende Haltbarkeit, Fleckenbest\u00e4ndigkeit und einfache Pflege.<\/p>\n\n\n\n<p><strong>Modernes einteiliges Design: <\/strong>Die nahtlose, einteilige Struktur sorgt f\u00fcr ein sauberes und elegantes Erscheinungsbild des Badezimmers und reduziert gleichzeitig die Ansammlung von Schmutz, was die Reinigung erleichtert.<\/p>\n\n\n\n<p><strong>Bequeme ergonomische H\u00f6he: <\/strong>Die komfortable H\u00f6he und die ausgewogenen Proportionen sorgen f\u00fcr ein angenehmes Benutzererlebnis in Wohn- und Gesch\u00e4ftsr\u00e4umen.<\/p>\n<\/div>\n\n\n\n<div class=\"wp-block-column is-layout-flow wp-block-column-is-layout-flow\">\n<figure class=\"wp-block-image size-full\"><img decoding=\"async\" width=\"800\" height=\"800\" src=\"https:\/\/www.segasanitary.com\/wp-content\/uploads\/2026\/03\/wholesale-one-piece-toilet.webp\" alt=\"Gro\u00dfhandel ein St\u00fcck Toilette\" class=\"wp-image-389\" srcset=\"https:\/\/www.segasanitary.com\/wp-content\/uploads\/2026\/03\/wholesale-one-piece-toilet.webp 800w, https:\/\/www.segasanitary.com\/wp-content\/uploads\/2026\/03\/wholesale-one-piece-toilet-300x300.webp 300w, https:\/\/www.segasanitary.com\/wp-content\/uploads\/2026\/03\/wholesale-one-piece-toilet-150x150.webp 150w, https:\/\/www.segasanitary.com\/wp-content\/uploads\/2026\/03\/wholesale-one-piece-toilet-768x768.webp 768w, https:\/\/www.segasanitary.com\/wp-content\/uploads\/2026\/03\/wholesale-one-piece-toilet-600x600.webp 600w, https:\/\/www.segasanitary.com\/wp-content\/uploads\/2026\/03\/wholesale-one-piece-toilet-100x100.webp 100w\" sizes=\"(max-width: 800px) 100vw, 800px\" \/><\/figure>\n<\/div>\n<\/div>","protected":false},"excerpt":{"rendered":"<p>Die einteilige Gro\u00dfhandelstoilette verf\u00fcgt \u00fcber ein modernes Keramikdesign mit einem effizienten Vortex-Sp\u00fclsystem f\u00fcr eine kraftvolle und wassersparende Leistung. Entwickelt f\u00fcr private und gewerbliche B\u00e4der, bietet dieses Modell zuverl\u00e4ssige Qualit\u00e4t, einfache Reinigung und stabile Sp\u00fclung Effizienz. Direkt ab Werk, Unterst\u00fctzung von OEM-Kundendienstleistungen. Fragen Sie noch heute an!<\/p>\n<h2>Produktspezifikationen:<\/h2>\n<table>\n<tbody>\n<tr>\n<td><strong>Attribut<\/strong><\/td>\n<td>\u00a0<span data-path-to-node=\"13,0,1,0\">Spezifikation<\/span><\/td>\n<\/tr>\n<tr>\n<td><strong>Modell<\/strong><\/td>\n<td>M-9305<\/td>\n<\/tr>\n<tr>\n<td><strong>Produkttyp<\/strong><\/td>\n<td>Einteilige Toilette<\/td>\n<\/tr>\n<tr>\n<td><strong>Material<\/strong><\/td>\n<td>Keramik<\/td>\n<\/tr>\n<tr>\n<td><strong>Farbe<\/strong><\/td>\n<td>Wei\u00df (benutzerdefinierte Farben verf\u00fcgbar)<\/td>\n<\/tr>\n<tr>\n<td><strong>Sp\u00fclsystem<\/strong><\/td>\n<td>Vortex-Sp\u00fclung<\/td>\n<\/tr>\n<tr>\n<td><strong>Gr\u00f6\u00dfe des Produkts<\/strong><\/td>\n<td>700 \u00d7 370 \u00d7 780 mm<\/td>\n<\/tr>\n<tr>\n<td><strong>Einschalung<\/strong><\/td>\n<td>300 \/ 400 mm<\/td>\n<\/tr>\n<tr>\n<td><strong>Einbauart<\/strong><\/td>\n<td>Bodenmontiert<\/td>\n<\/tr>\n<\/tbody>\n<\/table>","protected":false},"featured_media":389,"comment_status":"closed","ping_status":"closed","template":"","meta":{"_acf_changed":false},"product_brand":[],"product_cat":[23,27],"product_tag":[],"class_list":{"0":"post-219","1":"product","2":"type-product","3":"status-publish","4":"has-post-thumbnail","6":"product_cat-wholesale-toilets","7":"product_cat-wholesale-one-piece-toilet","9":"first","10":"instock","11":"shipping-taxable","12":"product-type-simple"},"acf":[],"_links":{"self":[{"href":"https:\/\/www.segasanitary.com\/de\/wp-json\/wp\/v2\/product\/219","targetHints":{"allow":["GET"]}}],"collection":[{"href":"https:\/\/www.segasanitary.com\/de\/wp-json\/wp\/v2\/product"}],"about":[{"href":"https:\/\/www.segasanitary.com\/de\/wp-json\/wp\/v2\/types\/product"}],"replies":[{"embeddable":true,"href":"https:\/\/www.segasanitary.com\/de\/wp-json\/wp\/v2\/comments?post=219"}],"wp:featuredmedia":[{"embeddable":true,"href":"https:\/\/www.segasanitary.com\/de\/wp-json\/wp\/v2\/media\/389"}],"wp:attachment":[{"href":"https:\/\/www.segasanitary.com\/de\/wp-json\/wp\/v2\/media?parent=219"}],"wp:term":[{"taxonomy":"product_brand","embeddable":true,"href":"https:\/\/www.segasanitary.com\/de\/wp-json\/wp\/v2\/product_brand?post=219"},{"taxonomy":"product_cat","embeddable":true,"href":"https:\/\/www.segasanitary.com\/de\/wp-json\/wp\/v2\/product_cat?post=219"},{"taxonomy":"product_tag","embeddable":true,"href":"https:\/\/www.segasanitary.com\/de\/wp-json\/wp\/v2\/product_tag?post=219"}],"curies":[{"name":"wp","href":"https:\/\/api.w.org\/{rel}","templated":true}]}}